{"id":3083,"date":"2019-01-31T09:18:15","date_gmt":"2019-01-31T17:18:15","guid":{"rendered":"http:\/\/speedqueen.com\/vn\/support\/manuals-downloads\/"},"modified":"2019-09-09T00:16:53","modified_gmt":"2019-09-09T07:16:53","slug":"tap-sach-huong-dan-tai-ve","status":"publish","type":"page","link":"https:\/\/speedqueen.com\/vn\/ho-tro\/tap-sach-huong-dan-tai-ve\/","title":{"rendered":"T\u1eadp s\u00e1ch h\u01b0\u1edbng d\u1eabn &amp; t\u1ea3i v\u1ec1"},"content":{"rendered":"\n<div class=\"wp-block-columns has-2-columns is-layout-flex wp-container-core-columns-is-layout-9d6595d7 wp-block-columns-is-layout-flex\">\n<div class=\"wp-block-column is-layout-flow wp-block-column-is-layout-flow\">\n<figure class=\"wp-block-image is-resized\"><img loading=\"lazy\" decoding=\"async\" src=\"https:\/\/speedqueen.com\/au\/wp-content\/uploads\/sites\/21\/2019\/02\/02-manuals-1.png\" alt=\"\" class=\"wp-image-496\" width=\"377\" height=\"386\" srcset=\"https:\/\/speedqueen.com\/vn\/wp-content\/uploads\/sites\/41\/2019\/02\/02-manuals-1.png 377w, https:\/\/speedqueen.com\/vn\/wp-content\/uploads\/sites\/41\/2019\/02\/02-manuals-1-293x300.png 293w\" sizes=\"auto, (max-width: 377px) 100vw, 377px\" \/><\/figure>\n<\/div>\n\n\n\n<div class=\"wp-block-column is-layout-flow wp-block-column-is-layout-flow\">\n<h2 class=\"wp-block-heading\">T\u1eadp s\u00e1ch h\u01b0\u1edbng d\u1eabn &amp; t\u1ea3i v\u1ec1<\/h2>\n\n\n\n<p>Vui l\u00f2ng nh\u1eadp s\u1ed1 ki\u1ec3u m\u00e1y s\u1ea5y ho\u1eb7c m\u00e1y gi\u1eb7t c\u1ee7a b\u1ea1n trong \u00f4 t\u00ecm ki\u1ebfm d\u01b0\u1edbi \u0111\u00e2y. N\u1ed9i dung t\u00ecm ki\u1ebfm n\u00e0y s\u1ebd cung c\u1ea5p cho b\u1ea1n th\u00f4ng tin v\u1ec1 m\u00e1y c\u1ee7a b\u1ea1n.<\/p>\n\n\n\n<p>Th\u00f4ng tin bao g\u1ed3m m\u1ed9t b\u1ea3n PDF cho m\u1ed9t ho\u1eb7c t\u1ea5t c\u1ea3 c\u00e1c t\u00e0i li\u1ec7u sau \u0111\u00e2y; H\u01b0\u1edbng d\u1eabn l\u1eafp \u0111\u1eb7t v\u00e0 v\u1eadn h\u00e0nh, H\u01b0\u1edbng d\u1eabn s\u1eed d\u1ee5ng v\u00e0 b\u1ea3o qu\u1ea3n, v\u00e0\/ho\u1eb7c Phi\u1ebfu b\u1ea3o h\u00e0nh.<\/p>\n\n\n\n<p>S\u1eed d\u1ee5ng tr\u01b0\u1eddng d\u01b0\u1edbi \u0111\u00e2y \u0111\u1ec3 t\u00ecm t\u1eadp s\u00e1ch h\u01b0\u1edbng d\u1eabn v\u00e0 t\u00e0i li\u1ec7u t\u1ea3i v\u1ec1, ho\u1eb7c ch\u1ecdn ki\u1ec3u m\u00e1y c\u1ee7a b\u1ea1n t\u1eeb tr\u00ecnh \u0111\u01a1n th\u1ea3 xu\u1ed1ng.<\/p>\n\n\n<a href=\"https:\/\/speedqueendoc.net\/\" class=\"button-arrow\" target=\"_blank\">T\u00ecm v\u00e0 t\u1ea3i v\u1ec1 c\u00e1c t\u00e0i li\u1ec7u cho m\u1ecdi s\u1ea3n ph\u1ea9m Speed Queen<\/a><\/div>\n<\/div>\n\n\n<\/div>\n<\/div>\n<div class=\"support\">\n\t<div class=\"container\">\n\t\t<h2>All support<\/h2>\n\t\t<div class=\"menu-support-vn-container\"><ul id=\"menu-support-vn\" class=\"support-nav\"><li id=\"menu-item-3245\" class=\"menu-item menu-item-type-post_type menu-item-object-page menu-item-3245\"><a href=\"https:\/\/speedqueen.com\/vn\/ho-tro\/tap-sach-huong-dan-tai-ve\/\"><img decoding=\"async\" src=\"https:\/\/speedqueen.com\/vn\/wp-content\/uploads\/sites\/41\/2019\/09\/02-manuals.png\" alt=\"\"><span>T\u1eadp s\u00e1ch h\u01b0\u1edbng d\u1eabn &amp; t\u1ea3i v\u1ec1<\/span><\/a><\/li>\n<li id=\"menu-item-3246\" class=\"menu-item menu-item-type-post_type menu-item-object-page menu-item-3246\"><a href=\"https:\/\/speedqueen.com\/vn\/ho-tro\/tim-dich-vu\/\"><img decoding=\"async\" src=\"https:\/\/speedqueen.com\/vn\/wp-content\/uploads\/sites\/41\/2019\/09\/03-find-service.png\" alt=\"\"><span>T\u00ecm d\u1ecbch v\u1ee5<\/span><\/a><\/li>\n<li id=\"menu-item-3247\" class=\"menu-item menu-item-type-post_type menu-item-object-page menu-item-3247\"><a href=\"https:\/\/speedqueen.com\/vn\/ho-tro\/tim-phu-tung\/\"><img decoding=\"async\" src=\"https:\/\/speedqueen.com\/vn\/wp-content\/uploads\/sites\/41\/2019\/09\/04-find-parts.png\" alt=\"\"><span>T\u00ecm ph\u1ee5 t\u00f9ng<\/span><\/a><\/li>\n<li id=\"menu-item-3248\" class=\"menu-item menu-item-type-post_type menu-item-object-page menu-item-3248\"><a href=\"https:\/\/speedqueen.com\/vn\/ho-tro\/huong-dan-loai-bo-vet-ban\/\"><img decoding=\"async\" src=\"https:\/\/speedqueen.com\/vn\/wp-content\/uploads\/sites\/41\/2019\/09\/05-removal-guides.png\" alt=\"\"><span>H\u01b0\u1edbng d\u1eabn lo\u1ea1i b\u1ecf v\u1ebft b\u1ea9n<\/span><\/a><\/li>\n<\/ul><\/div>\t<\/div>\n<\/div>\n","protected":false},"excerpt":{"rendered":"<p>T\u1eadp s\u00e1ch h\u01b0\u1edbng d\u1eabn &amp; t\u1ea3i v\u1ec1 Vui l\u00f2ng nh\u1eadp s\u1ed1 ki\u1ec3u m\u00e1y s\u1ea5y ho\u1eb7c m\u00e1y gi\u1eb7t c\u1ee7a b\u1ea1n trong \u00f4 t\u00ecm ki\u1ebfm d\u01b0\u1edbi \u0111\u00e2y. N\u1ed9i dung t\u00ecm ki\u1ebfm n\u00e0y s\u1ebd cung c\u1ea5p cho b\u1ea1n th\u00f4ng tin v\u1ec1 m\u00e1y c\u1ee7a b\u1ea1n. Th\u00f4ng tin bao g\u1ed3m m\u1ed9t b\u1ea3n PDF cho m\u1ed9t ho\u1eb7c t\u1ea5t c\u1ea3 c\u00e1c t\u00e0i [&hellip;]<\/p>\n","protected":false},"author":2,"featured_media":0,"parent":3079,"menu_order":0,"comment_status":"closed","ping_status":"closed","template":"","meta":{"_acf_changed":false,"_eb_attr":"","footnotes":"","_links_to":"","_links_to_target":""},"class_list":["post-3083","page","type-page","status-publish","hentry"],"acf":[],"_links":{"self":[{"href":"https:\/\/speedqueen.com\/vn\/wp-json\/wp\/v2\/pages\/3083","targetHints":{"allow":["GET"]}}],"collection":[{"href":"https:\/\/speedqueen.com\/vn\/wp-json\/wp\/v2\/pages"}],"about":[{"href":"https:\/\/speedqueen.com\/vn\/wp-json\/wp\/v2\/types\/page"}],"author":[{"embeddable":true,"href":"https:\/\/speedqueen.com\/vn\/wp-json\/wp\/v2\/users\/2"}],"replies":[{"embeddable":true,"href":"https:\/\/speedqueen.com\/vn\/wp-json\/wp\/v2\/comments?post=3083"}],"version-history":[{"count":5,"href":"https:\/\/speedqueen.com\/vn\/wp-json\/wp\/v2\/pages\/3083\/revisions"}],"predecessor-version":[{"id":3144,"href":"https:\/\/speedqueen.com\/vn\/wp-json\/wp\/v2\/pages\/3083\/revisions\/3144"}],"up":[{"embeddable":true,"href":"https:\/\/speedqueen.com\/vn\/wp-json\/wp\/v2\/pages\/3079"}],"wp:attachment":[{"href":"https:\/\/speedqueen.com\/vn\/wp-json\/wp\/v2\/media?parent=3083"}],"curies":[{"name":"wp","href":"https:\/\/api.w.org\/{rel}","templated":true}]}}