{"id":3085,"date":"2019-01-31T09:25:37","date_gmt":"2019-01-31T17:25:37","guid":{"rendered":"http:\/\/speedqueen.com\/vn\/support\/stain-removal-guide\/"},"modified":"2019-09-09T00:43:59","modified_gmt":"2019-09-09T07:43:59","slug":"huong-dan-loai-bo-vet-ban","status":"publish","type":"page","link":"https:\/\/speedqueen.com\/vn\/ho-tro\/huong-dan-loai-bo-vet-ban\/","title":{"rendered":"H\u01b0\u1edbng d\u1eabn lo\u1ea1i b\u1ecf v\u1ebft b\u1ea9n"},"content":{"rendered":"\n<ul class=\"wp-block-list\"><li>Nhi\u1ec1u ch\u1ed7 d\u01a1 s\u1ebd kh\u00f4ng tr\u1edf th\u00e0nh v\u1ebft b\u1ea9n n\u1ebfu \u0111\u01b0\u1ee3c x\u1eed l\u00fd nhanh ch\u00f3ng. C\u00e1c v\u1ebft b\u1ea9n c\u0169 h\u01a1n c\u00f3 th\u1ec3 kh\u00f3 ho\u1eb7c kh\u00f4ng th\u1ec3 lo\u1ea1i b\u1ecf. N\u01b0\u1edbc n\u00f3ng s\u1ebd t\u1ea1o th\u00e0nh m\u1ed9t v\u00e0i v\u1ebft \u1ed1, nh\u1ea5t l\u00e0 v\u1ebft b\u1ea9n c\u00f3 g\u1ed1c protein. S\u1eed d\u1ee5ng n\u01b0\u1edbc l\u1ea1nh ho\u1eb7c n\u01b0\u1edbc \u1ea5m tr\u00ean nh\u1eefng v\u1ebft n\u00e0y tr\u01b0\u1edbc khi gi\u1eb7t b\u1eb1ng n\u01b0\u1edbc n\u00f3ng.<\/li><li>Lu\u00f4n ki\u1ec3m tra \u0111\u1ec3 ch\u1eafc ch\u1eafn r\u1eb1ng s\u1ea3n ph\u1ea9m \u0111\u00e1nh b\u1eadt v\u1ebft b\u1ea9n s\u1ebd kh\u00f4ng l\u00e0m h\u01b0 v\u1ea3i b\u1eb1ng c\u00e1ch cho s\u1ea3n ph\u1ea9m l\u00ean m\u1ed9t ph\u1ea7n v\u1ea3i nh\u1ecf \u1edf ch\u1ed7 kh\u00f4ng d\u1ec5 nh\u00ecn th\u1ea5y.<\/li><li>Lu\u00f4n th\u1ef1c hi\u1ec7n theo h\u01b0\u1edbng d\u1eabn tr\u00ean nh\u00e3n ch\u0103m s\u00f3c \u00e1o qu\u1ea7n v\u00e0 h\u01b0\u1edbng d\u1eabn tr\u00ean s\u1ea3n ph\u1ea9m lo\u1ea1i b\u1ecf v\u1ebft b\u1ea9n.<\/li><li>Khi lo\u1ea1i b\u1ecf v\u1ebft b\u1ea9n, x\u1eed l\u00fd v\u1ebft b\u1ea9n t\u1eeb m\u1eb7t sau c\u1ee7a v\u1ea3i tr\u1eeb khi \u0111\u01b0\u1ee3c ghi ch\u00fa kh\u00e1c. \u0110i\u1ec1u n\u00e0y s\u1ebd gi\u00fap \u0111\u00e1nh b\u1eadt v\u1ebft b\u1ea9n ra kh\u1ecfi b\u1ec1 m\u1eb7t thay v\u00ec d\u1eabn n\u00f3 \u0111i xuy\u00ean qua v\u1ea3i.<\/li><\/ul>\n\n\n\n<div style=\"height:50px\" aria-hidden=\"true\" class=\"wp-block-spacer\"><\/div>\n\n\n\n<table class=\"wp-block-table is-style-regular\"><tbody><tr><td>V\u1ebeT B\u1ea8N<\/td><td>X\u1eec L\u00dd<\/td><\/tr><tr><td><strong>Th\u1ee9c u\u1ed1ng c\u00f3 c\u1ed3n<\/strong><\/td><td>D\u1ed9i s\u1ea1ch v\u1ebft b\u1ea9n ngay l\u1eadp t\u1ee9c b\u1eb1ng n\u01b0\u1edbc l\u1ea1nh ho\u1eb7c ng\u00e2m v\u1ebft b\u1ea9n trong n\u01b0\u1edbc l\u1ea1nh trong v\u00f2ng 30 ph\u00fat. Cho ch\u1ea5t t\u1ea9y ho\u1eb7c n\u01b0\u1edbc r\u1eeda ch\u00e9n l\u00ean d\u1ea5u v\u1ebft b\u1ea9n trong khi v\u1eabn c\u00f2n \u01b0\u1edbt. N\u1ebfu an to\u00e0n cho v\u1ea3i, gi\u1eb7t trong n\u01b0\u1edbc n\u00f3ng s\u1eed d\u1ee5ng ch\u1ea5t t\u1ea9y clo.<\/td><\/tr><tr><td><strong>Th\u1ee9c \u0103n tr\u1ebb em, S\u1eefa c\u00f4ng th\u1ee9c<\/strong><\/td><td>D\u1ed9i s\u1ea1ch b\u1eb1ng n\u01b0\u1edbc l\u1ea1nh. Ng\u00e2m v\u1edbi s\u1ea3n ph\u1ea9m ng\u00e2m enzyme. D\u1ed9i s\u1ea1ch. Gi\u1eb7t nh\u01b0 th\u01b0\u1eddng l\u1ec7. N\u1ebfu v\u1eabn c\u00f2n v\u1ebft b\u1ea9n, s\u1eed d\u1ee5ng s\u1ea3n ph\u1ea9m x\u1eed l\u00fd tr\u01b0\u1edbc v\u00e0 gi\u1eb7t l\u1ea1i.<\/td><\/tr><tr><td><strong>V\u1ebft m\u00e1u<\/strong><\/td><td>X\u1eed l\u00fd v\u1ebft b\u1ea9n ngay l\u1eadp t\u1ee9c. Ng\u00e2m 30 ph\u00fat tr\u1edf l\u00ean trong n\u01b0\u1edbc l\u1ea1nh. Cho ch\u1ea5t t\u1ea9y l\u00ean v\u1ebft b\u1ea9n v\u00e0 ch\u00e0 x\u00e1t. N\u1ebfu v\u1eabn c\u00f2n v\u1ebft b\u1ea9n, cho m\u1ed9t l\u01b0\u1ee3ng nh\u1ecf ch\u1ea5t a-m\u00f4-ni-\u1eafc gia d\u1ee5ng l\u00ean v\u1ebft b\u1ea9n v\u00e0 ch\u00e0 l\u1ea1i v\u1edbi ch\u1ea5t t\u1ea9y. N\u1ebfu an to\u00e0n v\u1edbi v\u1ea3i, gi\u1eb7t s\u1ea1ch trong n\u01b0\u1edbc n\u00f3ng v\u00e0 ch\u1ea5t t\u1ea9y clo n\u1ebfu v\u1eabn c\u00f2n d\u1ea5u v\u1ebft b\u1ea9n.<br><\/td><\/tr><tr><td>S\u00e1p n\u1ebfn<\/td><td>Ch\u00e0 x\u00e1t v\u1edbi \u0111\u00e1 v\u00e0 c\u1ea1o s\u1ea1ch ph\u1ea7n s\u00e1p th\u1eeba. \u0110\u1eb7t v\u1ebft b\u1ea9n v\u00e0o gi\u1eefa kh\u0103n gi\u1ea5y v\u00e0 d\u00f9ng b\u00e0n \u1ee7i \u1ea5m nh\u1ea5n v\u00e0o \u0111\u00f3. Sau \u0111\u00f3 \u0111\u1eb7t v\u1ebft b\u1ea9n \u00fap v\u00e0o kh\u0103n gi\u1ea5y v\u00e0 c\u1ecd s\u1ea1ch b\u1eb1ng c\u1ed3n r\u1eeda v\u1ebft th\u01b0\u01a1ng, n\u1ebfu an to\u00e0n cho v\u1ea3i (tham kh\u1ea3o ph\u1ea7n C\u1ea2NH B\u00c1O \u1edf tr\u00ean). \u0110\u1ec3 kh\u00f4, gi\u1eb7t s\u1ea1ch. N\u1ebfu v\u1eabn c\u00f2n d\u1ea5u v\u1ebft b\u1ea9n, gi\u1eb7t s\u1ea1ch b\u1eb1ng ch\u1ea5t t\u1ea9y m\u00e0u th\u01b0\u01a1ng m\u1ea1i (Rit, Putnam,* v.v.) ho\u1eb7c n\u01b0\u1edbc n\u00f3ng v\u00e0 ch\u1ea5t t\u1ea9y clo n\u1ebfu an to\u00e0n cho v\u1ea3i.<\/td><\/tr><tr><td>Pho-m\u00e1t<\/td><td>D\u1ed9i s\u1ea1ch b\u1eb1ng n\u01b0\u1edbc l\u1ea1nh. Ng\u00e2m v\u1edbi s\u1ea3n ph\u1ea9m ng\u00e2m enzyme. N\u1ebfu v\u1eabn c\u00f2n v\u1ebft b\u1ea9n, s\u1eed d\u1ee5ng s\u1ea3n ph\u1ea9m x\u1eed l\u00fd tr\u01b0\u1edbc. Gi\u1eb7t nh\u01b0 th\u01b0\u1eddng l\u1ec7.<\/td><\/tr><tr><td>K\u1eb9o cao su<\/td><td>Ch\u00e0 x\u00e1t v\u1edbi \u0111\u00e1 v\u00e0 c\u1ea1o s\u1ea1ch ph\u1ea7n k\u1eb9o cao su th\u1eeba. \u0110\u1eb7t \u00fap v\u00e0o kh\u0103n gi\u1ea5y v\u00e0 c\u1ecd s\u1ea1ch b\u1eb1ng s\u1ea3n ph\u1ea9m x\u1eed l\u00fd tr\u01b0\u1edbc.<\/td><\/tr><tr><td>S\u00f4-c\u00f4-la ho\u1eb7c ca-cao<\/td><td>D\u1ed9i s\u1ea1ch b\u1eb1ng n\u01b0\u1edbc l\u1ea1nh. Cho ch\u1ea5t t\u1ea9y l\u00ean v\u1ebft b\u1ea9n v\u00e0 ch\u00e0 x\u00e1t, sau \u0111\u00f3 ng\u00e2m trong n\u01b0\u1edbc l\u1ea1nh. N\u1ebfu v\u1eabn c\u00f2n v\u1ebft d\u1ea7u m\u1ee1, \u0111\u1eb7t \u00fap v\u00e0o kh\u0103n gi\u1ea5y v\u00e0 c\u1ecd s\u1ea1ch b\u1eb1ng s\u1ea3n ph\u1ea9m x\u1eed l\u00fd tr\u01b0\u1edbc. N\u1ebfu v\u1eabn c\u00f2n v\u1ebft d\u1ea7u m\u1ee1, gi\u1eb7t s\u1ea1ch trong n\u01b0\u1edbc n\u00f3ng v\u00e0 ch\u1ea5t t\u1ea9y clo (n\u1ebfu an to\u00e0n cho v\u1ea3i).<\/td><\/tr><tr><td>C\u00e0 ph\u00ea, Tr\u00e0<\/td><td>Ng\u00e2m trong n\u01b0\u1edbc l\u1ea1nh. Cho ch\u1ea5t t\u1ea9y l\u00ean v\u1ebft b\u1ea9n v\u00e0 ch\u00e0 x\u00e1t, sau \u0111\u00f3 d\u1ed9i s\u1ea1ch. N\u1ebfu v\u1eabn c\u00f2n v\u1ebft b\u1ea9n, s\u1eed d\u1ee5ng s\u1ea3n ph\u1ea9m x\u1eed l\u00fd tr\u01b0\u1edbc v\u00e0 gi\u1eb7t s\u1ea1ch trong n\u01b0\u1edbc \u1ea5m ho\u1eb7c gi\u1eb7t trong n\u01b0\u1edbc n\u00f3ng v\u1edbi ch\u1ea5t t\u1ea9y clo (n\u1ebfu an to\u00e0n cho v\u1ea3i).<\/td><\/tr><tr><td>M\u1ef1c m\u00e1y photo<\/td><td>Ph\u1ee7i s\u1ea1ch b\u1ed9t r\u1eddi. S\u1eed d\u1ee5ng b\u00e0n ch\u1ea3i \u0111\u00e1nh r\u0103ng \u0111\u1ec3 qu\u00e9t v\u1ebft b\u1ea9n v\u00e0 l\u01b0\u1ee3ng b\u1ed9t c\u00f2n l\u1ea1i. C\u1ecd s\u1ea1ch v\u1ebft b\u1ea9n v\u1edbi n\u01b0\u1edbc x\u00e0 ph\u00f2ng. N\u1ebfu v\u1eabn c\u00f2n v\u1ebft b\u1ea9n, s\u1eed d\u1ee5ng s\u1ea3n ph\u1ea9m x\u1eed l\u00fd tr\u01b0\u1edbc v\u00e0 gi\u1eb7t s\u1ea1ch trong n\u01b0\u1edbc n\u00f3ng (n\u1ebfu an to\u00e0n cho v\u1ea3i).<\/td><\/tr><tr><td>B\u00fat ch\u00ec m\u00e0u<\/td><td>X\u1eed l\u00fd t\u01b0\u01a1ng t\u1ef1 nh\u01b0 v\u1edbi s\u00e1p n\u1ebfn ho\u1eb7c \u0111\u1eb7t \u00fap l\u00ean kh\u0103n gi\u1ea5y v\u00e0 phun WD-4O*. D\u1ed9i s\u1ea1ch. Gi\u1eb7t trong n\u01b0\u1edbc n\u00f3ng (n\u1ebfu an to\u00e0n cho v\u1ea3i) s\u1eed d\u1ee5ng x\u00e0 ph\u00f2ng (ho\u1eb7c ch\u1ea5t t\u1ea9y) v\u00e0 1-2 t\u00e1ch thu\u1ed1c mu\u1ed1i. N\u1ebfu v\u1eabn c\u00f2n v\u1ebft b\u1ea9n, c\u00f3 th\u1ec3 c\u1ea7n gi\u1eb7t kh\u00f4 chuy\u00ean d\u1ee5ng.<\/td><\/tr><tr><td>Ch\u1ea5t kh\u1eed m\u00f9i v\u00e0 ch\u1ea5t ch\u1ed1ng \u0111\u1ed5 m\u1ed3 h\u00f4i<\/td><td>M\u1ed9t s\u1ed1 s\u1ea3n ph\u1ea9m n\u00e0y c\u00f3 ch\u1ee9a c\u00e1c ch\u1ea5t c\u00f3 th\u1ec3 l\u00e0m \u0111\u1ed5i m\u00e0u m\u1ed9t s\u1ed1 lo\u1ea1i v\u1ea3i nhu\u1ed9m. \u0110\u00f4i khi c\u00f3 th\u1ec3 kh\u00f4i ph\u1ee5c l\u1ea1i \u0111\u01b0\u1ee3c m\u00e0u n\u1ebfu v\u00f9ng v\u1ebft b\u1ea9n \u0111\u01b0\u1ee3c c\u1ecd s\u1ea1ch b\u1eb1ng a-m\u00f4-ni-\u1eafc, sau \u0111\u00f3 d\u1ed9i s\u1ea1ch. \u0110\u1ec3 lo\u1ea1i b\u1ecf v\u1ebft b\u1ea9n, s\u1eed d\u1ee5ng gi\u1ea5m tr\u1eafng. Ch\u00e0 x\u00e1t v\u00e0 d\u1ed9i s\u1ea1ch. N\u1ebfu v\u1eabn c\u00f2n v\u1ebft b\u1ea9n, cho ch\u1ea5t t\u1ea9y l\u00ean v\u1ebft b\u1ea9n v\u00e0 ch\u00e0 x\u00e1t, sau \u0111\u00f3 gi\u1eb7t s\u1ea1ch trong n\u01b0\u1edbc n\u00f3ng v\u00e0 ch\u1ea5t t\u1ea9y clo (n\u1ebfu an to\u00e0n cho v\u1ea3i).<\/td><\/tr><tr><td>Thu\u1ed1c nhu\u1ed9m<\/td><td>X\u1eed l\u00fd v\u1edbi s\u1ea3n ph\u1ea9m t\u1ea9y m\u00e0u nhu\u1ed9m th\u01b0\u01a1ng m\u1ea1i (Rit, Putnam*) ho\u1eb7c t\u1ea9y s\u1ea1ch b\u1eb1ng ch\u1ea5t t\u1ea9y clo, n\u1ebfu an to\u00e0n cho v\u1ea3i.<\/td><\/tr><tr><td>Tr\u1ee9ng, n\u01b0\u1edbc th\u1ecbt<\/td><td>N\u1ebfu v\u1ebft b\u1ea9n \u0111\u00e3 kh\u00f4, c\u1ea1o s\u1ea1ch ph\u1ea7n d\u01b0 th\u1eeba. Ng\u00e2m trong n\u01b0\u1edbc l\u1ea1nh. Cho ch\u1ea5t t\u1ea9y l\u00ean v\u1ebft b\u1ea9n c\u00f2n \u1ea9m v\u00e0 ch\u00e0 x\u00e1t, sau \u0111\u00f3 gi\u1eb7t s\u1ea1ch trong n\u01b0\u1edbc n\u00f3ng v\u00e0 ch\u1ea5t t\u1ea9y clo n\u1ebfu an to\u00e0n cho v\u1ea3i.<\/td><\/tr><tr><td>S\u1ea3n ph\u1ea9m trang \u0111i\u1ec3m m\u1eaft v\u00e0 m\u1eb7t<\/td><td>D\u00f9ng mu\u1ed7ng v\u1ed7 nh\u1eb9 l\u00ean v\u1ebft b\u1ea9n \u0111\u1ec3 n\u00f3 r\u1eddi ra. D\u00f9ng b\u00e1nh x\u00e0 ph\u00f2ng, n\u01b0\u1edbc r\u1eeda ch\u00e9n ho\u1eb7c ch\u1ea5t t\u1ea9y ch\u00e0 x\u00e1t l\u00ean v\u1ebft b\u1ea9n. N\u1ebfu v\u1eabn c\u00f2n v\u1ebft b\u1ea9n, ng\u00e2m trong n\u01b0\u1edbc v\u00e0 ch\u1ea5t t\u1ea9y. S\u1eed d\u1ee5ng s\u1ea3n ph\u1ea9m x\u1eed l\u00fd tr\u01b0\u1edbc v\u00e0 gi\u1eb7t nh\u01b0 th\u01b0\u1eddng l\u1ec7.<\/td><\/tr><tr><td>N\u01b0\u1edbc l\u00e0m m\u1ec1m v\u1ea3i<\/td><td>L\u00e0m \u01b0\u1edbt v\u1ebft b\u1ea9n v\u00e0 d\u00f9ng b\u00e1nh x\u00e0 ph\u00f2ng ch\u00e0 x\u00e1t. Gi\u1eb7t nh\u01b0 th\u01b0\u1eddng l\u1ec7.<\/td><\/tr><tr><td>B\u00fat n\u1ec9<\/td><td>D\u00f9ng ch\u1ea5t t\u1ea9y ch\u00e0 x\u00e1t l\u00ean v\u1ebft b\u1ea9n c\u00f2n \u01b0\u1edbt. S\u1eed d\u1ee5ng s\u1ea3n ph\u1ea9m x\u1eed l\u00fd tr\u01b0\u1edbc. N\u1ebfu an to\u00e0n cho v\u1ea3i, gi\u1eb7t trong n\u01b0\u1edbc n\u00f3ng v\u00e0 ch\u1ea5t t\u1ea9y clo.<\/td><\/tr><tr><td>N\u01b0\u1edbc \u00e9p tr\u00e1i c\u00e2y<\/td><td>Ng\u00e2m trong n\u01b0\u1edbc l\u1ea1nh. Gi\u1eb7t s\u1ea1ch trong n\u01b0\u1edbc n\u00f3ng v\u1edbi ch\u1ea5t t\u1ea9y clo (n\u1ebfu an to\u00e0n cho v\u1ea3i).<\/td><\/tr><tr><td>C\u1ecf<\/td><td>\u0110\u1eb7t v\u1ebft b\u1ea9n \u00fap v\u00e0o kh\u0103n gi\u1ea5y v\u00e0 c\u1ecd s\u1ea1ch b\u1eb1ng c\u1ed3n r\u1eeda v\u1ebft th\u01b0\u01a1ng, (n\u1ebfu an to\u00e0n cho v\u1ea3i). Gi\u1eb7t s\u1ea1ch. S\u1eed d\u1ee5ng s\u1ea3n ph\u1ea9m x\u1eed l\u00fd tr\u01b0\u1edbc v\u00e0 gi\u1eb7t s\u1ea1ch. N\u1ebfu v\u1eabn c\u00f2n v\u1ebft b\u1ea9n, gi\u1eb7t s\u1ea1ch trong n\u01b0\u1edbc n\u00f3ng v\u1edbi ch\u1ea5t t\u1ea9y clo (n\u1ebfu an to\u00e0n cho v\u1ea3i).<\/td><\/tr><tr><td>D\u1ea7u m\u1ee1<\/td><td>\u0110\u1eb7t \u00fap v\u00e0o kh\u0103n gi\u1ea5y v\u00e0 c\u1ecd s\u1ea1ch b\u1eb1ng s\u1ea3n ph\u1ea9m x\u1eed l\u00fd tr\u01b0\u1edbc. L\u00e0m \u01b0\u1edbt v\u1ebft b\u1ea9n v\u1edbi n\u01b0\u1edbc v\u00e0 ch\u00e0 x\u00e1t v\u1edbi b\u00e1nh x\u00e0 ph\u00f2ng ho\u1eb7c ch\u1ea5t t\u1ea9y. Gi\u1eb7t s\u1ea1ch trong n\u01b0\u1edbc n\u00f3ng (n\u1ebfu an to\u00e0n cho v\u1ea3i).<\/td><\/tr><tr><td>M\u1ef1c<\/td><td>L\u00e0m v\u1ebft b\u1ea9n \u0111\u1eabm keo x\u1ecbt t\u00f3c ho\u1eb7c \u0111\u1eb7t \u00fap v\u1ea3i l\u00ean kh\u0103n gi\u1ea5y v\u00e0 c\u1ecd s\u1ea1ch b\u1eb1ng c\u1ed3n r\u1eeda v\u1ebft th\u01b0\u01a1ng (tham kh\u1ea3o ph\u1ea7n C\u1ea2NH B\u00c1O \u1edf trang tr\u01b0\u1edbc). D\u1ed9i s\u1ea1ch. N\u1ebfu v\u1eabn c\u00f2n v\u1ebft b\u1ea9n, ch\u00e0 x\u00e1t v\u1ebft b\u1ea9n \u01b0\u1edbt v\u1edbi ch\u1ea5t t\u1ea9y v\u00e0 gi\u1eb7t s\u1ea1ch. M\u1ed9t s\u1ed1 v\u1ebft m\u1ef1c c\u00f3 th\u1ec3 kh\u00f4ng lo\u1ea1i b\u1ecf \u0111\u01b0\u1ee3c.<\/td><\/tr><tr><td>I-\u1ed1t<\/td><td>Gi\u1eb7t s\u1ea1ch v\u1ebft b\u1ea9n t\u1eeb m\u1eb7t tr\u00e1i b\u1eb1ng n\u01b0\u1edbc l\u1ea1nh. Sau \u0111\u00f3 ng\u00e2m trong ch\u1ea5t t\u1ea9y m\u00e0u th\u01b0\u01a1ng m\u1ea1i (Rit, Putnam*, v.v.) ho\u1eb7c ch\u00e0 x\u00e1t trong h\u1ed7n h\u1ee3p b\u1ed9t nh\u00e3o n\u01b0\u1edbc v\u00e0 tinh b\u1ed9t. \u0110\u1ec3 y\u00ean trong 15-30 ph\u00fat v\u00e0 gi\u1eb7t s\u1ea1ch.<\/td><\/tr><tr><td>M\u1ee9t, th\u1ea1ch<\/td><td>C\u1ea1o s\u1ea1ch ph\u1ea7n d\u01b0 th\u1eeba. D\u1ed9i s\u1ea1ch b\u1eb1ng n\u01b0\u1edbc l\u1ea1nh. Ch\u00e0 x\u00e1t v\u1ebft b\u1ea9n c\u00f2n \u01b0\u1edbt v\u1edbi ch\u1ea5t t\u1ea9y. S\u1eed d\u1ee5ng s\u1ea3n ph\u1ea9m x\u1eed l\u00fd tr\u01b0\u1edbc v\u00e0 gi\u1eb7t s\u1ea1ch v\u1edbi s\u1ea3n ph\u1ea9m ng\u00e2m enzyme. N\u1ebfu v\u1eabn c\u00f2n v\u1ebft b\u1ea9n, c\u1ecd s\u1ea1ch b\u1eb1ng ch\u1ea5t t\u1ea9y nh\u1eb9 nh\u01b0 h\u1ed7n h\u1ee3p n\u01b0\u1edbc v\u00e0 gi\u1ea5m tr\u1eafng (c\u00e1c ph\u1ea7n b\u1eb1ng nhau) v\u00e0 gi\u1eb7t s\u1ea1ch l\u1ea7n n\u1eefa.<\/td><\/tr><tr><td>N\u01b0\u1edbc s\u1ed1t, s\u1ea3n ph\u1ea9m c\u00f3 c\u00e0 chua<\/td><td>C\u1ea1o s\u1ea1ch ph\u1ea7n d\u01b0 th\u1eeba. Ng\u00e2m trong n\u01b0\u1edbc l\u1ea1nh trong v\u00f2ng 30 ph\u00fat. Cho ch\u1ea5t t\u1ea9y l\u00ean v\u1ebft b\u1ea9n v\u00e0 ch\u00e0 x\u00e1t, sau \u0111\u00f3 gi\u1eb7t s\u1ea1ch trong n\u01b0\u1edbc n\u00f3ng v\u00e0 ch\u1ea5t t\u1ea9y clo n\u1ebfu an to\u00e0n cho v\u1ea3i.<\/td><\/tr><tr><td>Son m\u00f4i<\/td><td>Ch\u00e0 x\u00e1t v\u1ebft b\u1ea9n c\u00f2n \u01b0\u1edbt v\u1edbi b\u00e1nh x\u00e0 ph\u00f2ng v\u00e0 gi\u1eb7t s\u1ea1ch.<\/td><\/tr><tr><td>N\u01b0\u1edbc l\u00e0m m\u1ec1m da (tay, c\u01a1 th\u1ec3, kem ch\u1ed1ng n\u1eafng)<\/td><td>C\u1ea1o s\u1ea1ch ph\u1ea7n d\u01b0 th\u1eeba. D\u00f9ng kh\u0103n gi\u1ea5y th\u1ea5m v\u1ebft b\u1ea9n. Ch\u00e0 x\u00e1t v\u1ebft b\u1ea9n v\u1edbi n\u01b0\u1edbc r\u1eeda ch\u00e9n b\u1eb1ng tay kh\u00f4ng m\u00e0u v\u00e0 \u0111\u1ec3 y\u00ean trong v\u00e0i ph\u00fat. D\u1ed9i s\u1ea1ch. S\u1eed d\u1ee5ng s\u1ea3n ph\u1ea9m x\u1eed l\u00fd tr\u01b0\u1edbc v\u00e0 gi\u1eb7t s\u1ea1ch trong n\u01b0\u1edbc n\u00f3ng (n\u1ebfu an to\u00e0n cho v\u1ea3i).<\/td><\/tr><tr><td>N\u1ea5m m\u1ed1c<\/td><td>X\u1eed l\u00fd nhanh ch\u00f3ng. N\u1ea5m m\u1ed1c l\u00e0m h\u01b0 v\u1ea3i v\u00e0 \u0111\u00f4i khi kh\u00f4ng th\u1ec3 lo\u1ea1i b\u1ecf. Gi\u1eb7t s\u1ea1ch b\u1eb1ng ch\u1ea5t t\u1ea9y clo. \u0110\u1ed1i v\u1edbi nh\u1eefng s\u1ea3n ph\u1ea9m kh\u00f4ng th\u1ec3 gi\u1eb7t s\u1ea1ch b\u1eb1ng ch\u1ea5t t\u1ea9y clo, ng\u00e2m trong ch\u1ea5t t\u1ea9y d\u00e0nh cho m\u1ecdi lo\u1ea1i v\u1ea3i, sau \u0111\u00f3 gi\u1eb7t s\u1ea1ch.<\/td><\/tr><tr><td>S\u1eefa v\u00e0 s\u1ea3n ph\u1ea9m t\u1eeb s\u1eefa<\/td><td>Ng\u00e2m trong n\u01b0\u1edbc l\u1ea1nh. Gi\u1eb7t s\u1ea1ch trong n\u01b0\u1edbc n\u00f3ng v\u00e0 ch\u1ea5t t\u1ea9y clo (n\u1ebfu an to\u00e0n cho v\u1ea3i). S\u1eed d\u1ee5ng s\u1ea3n ph\u1ea9m x\u1eed l\u00fd tr\u01b0\u1edbc, n\u1ebfu v\u1eabn c\u00f3 th\u1ec3 nh\u00ecn th\u1ea5y ch\u1ea5t b\u1ea9n. Gi\u1eb7t l\u1ea1i.<\/td><\/tr><tr><td>B\u00f9n<\/td><td>\u0110\u1ec3 kh\u00f4. C\u1ea1o s\u1ea1ch ph\u1ea7n d\u01b0 th\u1eeba. Ng\u00e2m trong dung d\u1ecbch g\u1ed3m m\u1ed9t l\u00edt Anh n\u01b0\u1edbc \u1ea5m, n\u1eeda mu\u1ed7ng n\u01b0\u1edbc t\u1ea9y r\u1eeda ch\u00e9n b\u1eb1ng tay v\u00e0 m\u1ed9t mu\u1ed7ng gi\u1ea5m trong v\u00f2ng 15 ph\u00fat. D\u1ed9i s\u1ea1ch. Gi\u1eb7t trong n\u01b0\u1edbc n\u00f3ng ho\u1eb7c \u1ea5m v\u1edbi s\u1ea3n ph\u1ea9m enzyme.<\/td><\/tr><tr><td>M\u00f9 t\u1ea1c<\/td><td>D\u1ed9i s\u1ea1ch b\u1eb1ng n\u01b0\u1edbc l\u1ea1nh. Ch\u00e0 x\u00e1t v\u1ebft b\u1ea9n c\u00f2n \u01b0\u1edbt v\u1edbi b\u00e1nh x\u00e0 ph\u00f2ng. S\u1eed d\u1ee5ng s\u1ea3n ph\u1ea9m x\u1eed l\u00fd tr\u01b0\u1edbc. Gi\u1eb7t s\u1ea1ch trong n\u01b0\u1edbc n\u00f3ng v\u00e0 ch\u1ea5t t\u1ea9y clo (n\u1ebfu an to\u00e0n cho v\u1ea3i).<\/td><\/tr><tr><td>N\u01b0\u1edbc s\u01a1n m\u00f3ng tay<\/td><td>\u0110\u1eb7t \u00fap l\u00ean kh\u0103n gi\u1ea5y. C\u1ecd s\u1ea1ch b\u1eb1ng n\u01b0\u1edbc t\u1ea9y s\u01a1n m\u00f3ng tay (kh\u00f4ng ch\u1ee9a d\u1ea7u) cho \u0111\u1ebfn khi v\u1ebft b\u1ea9n bi\u1ebfn m\u1ea5t. Gi\u1eb7t s\u1ea1ch. Kh\u00f4ng s\u1eed d\u1ee5ng n\u01b0\u1edbc t\u1ea9y s\u01a1n m\u00f3ng tay tr\u00ean v\u1ea3i Acetate ho\u1eb7c Arnel.<\/td><\/tr><tr><td>S\u01a1n<\/td><td>S\u01a1n c\u00f3 g\u1ed1c n\u01b0\u1edbc &#8212; X\u1eed l\u00fd b\u1eb1ng c\u00e1ch d\u1ed9i s\u1ea1ch v\u1ea3i b\u1eb1ng n\u01b0\u1edbc m\u00e1t trong khi v\u1ebft b\u1ea9n v\u1eabn c\u00f2n \u01b0\u1edbt. Gi\u1eb7t s\u1ea1ch. \u0110\u1ec3 l\u00e0m m\u1ec1m v\u1ebft s\u01a1n \u0111\u00e3 kh\u00f4, s\u1eed d\u1ee5ng n\u01b0\u1edbc x\u00e0 ph\u00f2ng ho\u1eb7c ch\u1ea5t t\u1ea9y s\u01a1n acrylic v\u00e0 s\u01a1n d\u1ea7u. R\u1eeda v\u00e0 sau \u0111\u00f3 gi\u1eb7t s\u1ea1ch. S\u01a1n c\u00f3 g\u1ed1c d\u1ea7u &#8212; X\u1eed l\u00fd tr\u01b0\u1edbc v\u1edbi dung m\u00f4i nh\u01b0 \u0111\u01b0\u1ee3c khuy\u1ebfn ngh\u1ecb tr\u00ean h\u1ed9p s\u01a1n. N\u1ebfu kh\u00f4ng c\u00f3, s\u1eed d\u1ee5ng x\u0103ng tr\u1eafng. D\u1ed9i s\u1ea1ch. X\u1eed l\u00fd tr\u01b0\u1edbc v\u1edbi n\u01b0\u1edbc t\u1ea9y tr\u1eafng qu\u1ea7n \u00e1o ho\u1eb7c ch\u1ea5t t\u1ea9y. R\u1eeda v\u00e0 gi\u1eb7t s\u1ea1ch. Nh\u1edb d\u1ed9i s\u1ea1ch k\u1ef9 \u0111\u1ec3 lo\u1ea1i b\u1ecf to\u00e0n b\u1ed9 dung m\u00f4i nh\u1eb1m ng\u0103n ch\u1eb7n kh\u1ea3 n\u0103ng x\u1ea3y ra tr\u01b0\u1eddng h\u1ee3p n\u1ed5 trong m\u00e1y gi\u1eb7t.<\/td><\/tr><tr><td>M\u1ed3 h\u00f4i<\/td><td>Ch\u00e0 x\u00e1t v\u1ebft b\u1ea9n c\u00f2n \u01b0\u1edbt v\u1edbi ch\u1ea5t t\u1ea9y. Gi\u1eb7t s\u1ea1ch trong n\u01b0\u1edbc n\u00f3ng v\u00e0 ch\u1ea5t t\u1ea9y clo (n\u1ebfu an to\u00e0n cho v\u1ea3i). N\u1ebfu v\u1ea3i b\u1ecb phai m\u00e0u, b\u1ea1n c\u00f3 th\u1ec3 c\u1ed1 g\u1eafng kh\u00f4i ph\u1ee5c m\u00e0u b\u1eb1ng c\u00e1ch x\u1eed l\u00fd v\u1ebft b\u1ea9n m\u1edbi v\u1edbi a-m\u00f4-ni-\u1eafc ho\u1eb7c v\u1ebft b\u1ea9n c\u0169 v\u1edbi gi\u1ea5m.<\/td><\/tr><tr><td>V\u1ebft g\u1ec9<\/td><td>S\u1eed d\u1ee5ng ch\u1ea5t t\u1ea9y nh\u1eb9 nh\u01b0 n\u01b0\u1edbc chanh ho\u1eb7c ch\u1ea5t t\u1ea9y g\u1ec9 s\u00e9t th\u01b0\u01a1ng m\u1ea1i (Whink, Rit, RoVer*, v.v.) Th\u1ef1c hi\u1ec7n theo h\u01b0\u1edbng d\u1eabn c\u1ee7a nh\u00e0 s\u1ea3n xu\u1ea5t. Gi\u1eb7t nh\u01b0 th\u01b0\u1eddng l\u1ec7.<\/td><\/tr><tr><td>D\u1ea7u gi\u1ea5m, s\u1ed1t mayonnaise<\/td><td>C\u1ea1o s\u1ea1ch ph\u1ea7n d\u01b0 th\u1eeba. S\u1eed d\u1ee5ng s\u1ea3n ph\u1ea9m x\u1eed l\u00fd tr\u01b0\u1edbc. Ch\u00e0 x\u00e1t v\u1ebft b\u1ea9n v\u1edbi s\u1ea3n ph\u1ea9m ng\u00e2m enzyme v\u00e0 gi\u1eb7t s\u1ea1ch trong n\u01b0\u1edbc n\u00f3ng (n\u1ebfu an to\u00e0n cho v\u1ea3i). Lu\u00f4n ch\u00fa \u00fd \u0111\u1ebfn m\u00e1y gi\u1eb7t v\u00ec ch\u1ea5t c\u1eb7n c\u00f2n l\u1ea1i c\u00f3 th\u1ec3 khi\u1ebfn v\u1ea3i b\u1eaft l\u1eeda.<\/td><\/tr><tr><td>V\u1ebft ch\u00e1y s\u00e9m<\/td><td>Gi\u1eb7t s\u1ea1ch b\u1eb1ng n\u01b0\u1edbc n\u00f3ng v\u00e0 ch\u1ea5t t\u1ea9y clo (n\u1ebfu an to\u00e0n cho v\u1ea3i). V\u1ea3i c\u00f3 th\u1ec3 b\u1ecb h\u01b0 h\u1ecfng do b\u1ecb ch\u00e1y s\u00e9m. N\u1ebfu \u0111i\u1ec1u n\u00e0y x\u1ea3y ra, b\u1ea1n kh\u00f4ng th\u1ec3 lo\u1ea1i b\u1ecf d\u1ea5u v\u1ebft.<\/td><\/tr><tr><td>Xi \u0111\u00e1nh gi\u00e0y<\/td><td>Ch\u00e0 x\u00e1t v\u1ebft b\u1ea9n c\u00f2n \u01b0\u1edbt v\u1edbi ch\u1ea5t t\u1ea9y. Gi\u1eb7t s\u1ea1ch trong n\u01b0\u1edbc n\u00f3ng v\u00e0 ch\u1ea5t t\u1ea9y clo n\u1ebfu an to\u00e0n cho v\u1ea3i.<\/td><\/tr><tr><td>N\u01b0\u1edbc ng\u1ecdt<\/td><td>D\u1ed9i s\u1ea1ch v\u1ebft b\u1ea9n v\u1edbi n\u01b0\u1edbc l\u1ea1nh ngay l\u1eadp t\u1ee9c. Gi\u1eb7t s\u1ea1ch trong n\u01b0\u1edbc \u1ea5m v\u00e0 ch\u1ea5t t\u1ea9y clo n\u1ebfu an to\u00e0n cho v\u1ea3i.<\/td><\/tr><tr><td>N\u01b0\u1edbc t\u01b0\u01a1ng<\/td><td>D\u1ed9i s\u1ea1ch b\u1eb1ng n\u01b0\u1edbc l\u1ea1nh. S\u1eed d\u1ee5ng s\u1ea3n ph\u1ea9m x\u1eed l\u00fd tr\u01b0\u1edbc. Gi\u1eb7t nh\u01b0 th\u01b0\u1eddng l\u1ec7.<\/td><\/tr><tr><td>Thu\u1ed1c l\u00e1<\/td><td>L\u00e0m \u01b0\u1edbt v\u1ebft b\u1ea9n v\u00e0 d\u00f9ng b\u00e1nh x\u00e0 ph\u00f2ng ch\u00e0 x\u00e1t. D\u1ed9i s\u1ea1ch. Ng\u00e2m trong dung d\u1ecbch ch\u1ea5t t\u1ea9y cho m\u1ecdi lo\u1ea1i v\u1ea3i n\u1ebfu c\u1ea7n. N\u1ebfu v\u1eabn c\u00f2n v\u1ebft b\u1ea9n, gi\u1eb7t s\u1ea1ch v\u1edbi ch\u1ea5t t\u1ea9y clo (n\u1ebfu an to\u00e0n cho v\u1ea3i).<\/td><\/tr><tr><td>Kem \u0111\u00e1nh r\u0103ng<\/td><td>C\u1ea1o s\u1ea1ch ph\u1ea7n d\u01b0 th\u1eeba. Th\u1ea5m v\u1ebft b\u1ea9n b\u1eb1ng s\u1ea3n ph\u1ea9m ng\u00e2m enzyme v\u00e0 n\u01b0\u1edbc l\u1ea1nh. D\u1ed9i s\u1ea1ch. Gi\u1eb7t nh\u01b0 th\u01b0\u1eddng l\u1ec7.<\/td><\/tr><tr><td>N\u01b0\u1edbc ti\u1ec3u<\/td><td>D\u1ed9i s\u1ea1ch b\u1eb1ng n\u01b0\u1edbc l\u1ea1nh. Ng\u00e2m v\u1edbi s\u1ea3n ph\u1ea9m ng\u00e2m enzyme. Gi\u1eb7t s\u1ea1ch trong n\u01b0\u1edbc n\u00f3ng v\u1edbi ch\u1ea5t t\u1ea9y clo (n\u1ebfu an to\u00e0n cho v\u1ea3i). N\u1ebfu v\u1ea3i \u0111\u1ed5i m\u00e0u, c\u1ecd s\u1ea1ch v\u00f9ng \u0111\u1ed5i m\u00e0u v\u1edbi a-m\u00f4-ni-\u1eafc c\u00f3 th\u1ec3 gi\u00fap kh\u00f4i ph\u1ee5c m\u00e0u.<\/td><\/tr><tr><td>Ch\u1ea5t n\u00f4n<\/td><td>Ng\u00e2m trong dung d\u1ecbch g\u1ed3m m\u1ed9t l\u00edt Anh n\u01b0\u1edbc \u1ea5m, n\u1eeda mu\u1ed7ng n\u01b0\u1edbc t\u1ea9y r\u1eeda ch\u00e9n b\u1eb1ng tay v\u00e0 m\u1ed9t mu\u1ed7ng a-m\u00f4-ni-\u1eafc (n\u1ebfu an to\u00e0n cho v\u1ea3i). Ng\u00e2m 15 ph\u00fat. S\u1eed d\u1ee5ng b\u1ecdt bi\u1ec3n \u0111\u1ec3 l\u00e0m bong v\u1ebft b\u1ea9n. D\u00f9ng v\u1ea3i \u0111\u1ec3 th\u1ea5m. Gi\u1eb7t s\u1ea1ch trong n\u01b0\u1edbc n\u00f3ng (n\u1ebfu an to\u00e0n cho v\u1ea3i) v\u1edbi s\u1ea3n ph\u1ea9m enzyme.<\/td><\/tr><tr><td>R\u01b0\u1ee3u<\/td><td>X\u1eed l\u00fd ngay l\u1eadp t\u1ee9c. D\u1ed9i s\u1ea1ch b\u1eb1ng n\u01b0\u1edbc l\u1ea1nh ho\u1eb7c soda. Ch\u00e0 x\u00e1t v\u1ebft b\u1ea9n c\u00f2n \u01b0\u1edbt v\u1edbi ch\u1ea5t t\u1ea9y v\u00e0 \u0111\u1ec3 y\u00ean trong v\u00e0i ph\u00fat. S\u1eed d\u1ee5ng s\u1ea3n ph\u1ea9m x\u1eed l\u00fd tr\u01b0\u1edbc v\u00e0 gi\u1eb7t s\u1ea1ch.<\/td><\/tr><\/tbody><\/table>\n\n\n\n<div style=\"height:50px\" aria-hidden=\"true\" class=\"wp-block-spacer\"><\/div>\n\n\n\n<p><strong>C\u1ea3nh b\u00e1o:<\/strong>&nbsp;Kh\u00f4ng bao gi\u1edd cho ch\u1ea5t d\u1ec5 ch\u00e1y cao nh\u01b0 x\u0103ng, d\u1ea7u h\u1ecfa, ch\u1ea5t s\u00e1p, d\u1ea7u \u0103n, dung m\u00f4i gi\u1eb7t kh\u00f4, v.v. v\u00e0o trong m\u00e1y gi\u1eb7t ho\u1eb7c m\u00e1y s\u1ea5y. Kh\u00f4ng bao gi\u1edd cho \u0111\u1ed3 gi\u1eb7t \u0111\u00e3 \u0111\u01b0\u1ee3c l\u00e0m s\u1ea1ch v\u1edbi c\u00e1c ch\u1ea5t \u0111\u00f3 v\u00e0o trong m\u00e1y gi\u1eb7t ho\u1eb7c m\u00e1y s\u1ea5y. N\u1ebfu kh\u00f4ng tu\u00e2n theo c\u00e1c c\u1ea3nh b\u00e1o n\u00e0y, c\u00f3 th\u1ec3 g\u00e2y ch\u00e1y, n\u1ed5, v\u00e0\/ho\u1eb7c b\u1ecfng nghi\u00eam tr\u1ecdng ho\u1eb7c t\u1eed vong. C\u1ea7n gi\u1eb7t k\u1ef9 b\u1eb1ng tay t\u1ea5t c\u1ea3 \u0111\u1ed3 gi\u1eb7t c\u00f3 c\u00e1c ch\u1ea5t \u0111\u00f3 v\u1edbi ch\u1ea5t t\u1ea9y \u0111\u1ec3 kh\u00f4ng c\u00f2n d\u1ea5u v\u1ebft c\u1ee7a ch\u1ea5t d\u1ec5 ch\u00e1y. Sau \u0111\u00f3 c\u00f3 th\u1ec3 gi\u1eb7t v\u00e0\/ho\u1eb7c s\u1ea5y b\u1eb1ng m\u00e1y \u0111\u1ed3 gi\u1eb7t n\u00e0y.<\/p>\n\n\n\n<p><em>* T\u00ean nh\u00e3n h\u00e0ng l\u00e0 th\u01b0\u01a1ng hi\u1ec7u c\u1ee7a nh\u00e0 s\u1ea3n xu\u1ea5t t\u01b0\u01a1ng \u1ee9ng.<\/em><\/p>\n\n\n\n<div style=\"height:50px\" aria-hidden=\"true\" class=\"wp-block-spacer\"><\/div>\n\n\n<\/div>\n<\/div>\n<div class=\"support\">\n\t<div class=\"container\">\n\t\t<h2>All support<\/h2>\n\t\t<div class=\"menu-support-vn-container\"><ul id=\"menu-support-vn\" class=\"support-nav\"><li id=\"menu-item-3245\" class=\"menu-item menu-item-type-post_type menu-item-object-page menu-item-3245\"><a href=\"https:\/\/speedqueen.com\/vn\/ho-tro\/tap-sach-huong-dan-tai-ve\/\"><img decoding=\"async\" src=\"https:\/\/speedqueen.com\/vn\/wp-content\/uploads\/sites\/41\/2019\/09\/02-manuals.png\" alt=\"\"><span>T\u1eadp s\u00e1ch h\u01b0\u1edbng d\u1eabn &amp; t\u1ea3i v\u1ec1<\/span><\/a><\/li>\n<li id=\"menu-item-3246\" class=\"menu-item menu-item-type-post_type menu-item-object-page menu-item-3246\"><a href=\"https:\/\/speedqueen.com\/vn\/ho-tro\/tim-dich-vu\/\"><img decoding=\"async\" src=\"https:\/\/speedqueen.com\/vn\/wp-content\/uploads\/sites\/41\/2019\/09\/03-find-service.png\" alt=\"\"><span>T\u00ecm d\u1ecbch v\u1ee5<\/span><\/a><\/li>\n<li id=\"menu-item-3247\" class=\"menu-item menu-item-type-post_type menu-item-object-page menu-item-3247\"><a href=\"https:\/\/speedqueen.com\/vn\/ho-tro\/tim-phu-tung\/\"><img decoding=\"async\" src=\"https:\/\/speedqueen.com\/vn\/wp-content\/uploads\/sites\/41\/2019\/09\/04-find-parts.png\" alt=\"\"><span>T\u00ecm ph\u1ee5 t\u00f9ng<\/span><\/a><\/li>\n<li id=\"menu-item-3248\" class=\"menu-item menu-item-type-post_type menu-item-object-page menu-item-3248\"><a href=\"https:\/\/speedqueen.com\/vn\/ho-tro\/huong-dan-loai-bo-vet-ban\/\"><img decoding=\"async\" src=\"https:\/\/speedqueen.com\/vn\/wp-content\/uploads\/sites\/41\/2019\/09\/05-removal-guides.png\" alt=\"\"><span>H\u01b0\u1edbng d\u1eabn lo\u1ea1i b\u1ecf v\u1ebft b\u1ea9n<\/span><\/a><\/li>\n<\/ul><\/div>\t<\/div>\n<\/div>\n","protected":false},"excerpt":{"rendered":"<p>Nhi\u1ec1u ch\u1ed7 d\u01a1 s\u1ebd kh\u00f4ng tr\u1edf th\u00e0nh v\u1ebft b\u1ea9n n\u1ebfu \u0111\u01b0\u1ee3c x\u1eed l\u00fd nhanh ch\u00f3ng. C\u00e1c v\u1ebft b\u1ea9n c\u0169 h\u01a1n c\u00f3 th\u1ec3 kh\u00f3 ho\u1eb7c kh\u00f4ng th\u1ec3 lo\u1ea1i b\u1ecf. N\u01b0\u1edbc n\u00f3ng s\u1ebd t\u1ea1o th\u00e0nh m\u1ed9t v\u00e0i v\u1ebft \u1ed1, nh\u1ea5t l\u00e0 v\u1ebft b\u1ea9n c\u00f3 g\u1ed1c protein. S\u1eed d\u1ee5ng n\u01b0\u1edbc l\u1ea1nh ho\u1eb7c n\u01b0\u1edbc \u1ea5m tr\u00ean nh\u1eefng v\u1ebft n\u00e0y [&hellip;]<\/p>\n","protected":false},"author":2,"featured_media":0,"parent":3079,"menu_order":0,"comment_status":"closed","ping_status":"closed","template":"","meta":{"_acf_changed":false,"_eb_attr":"","footnotes":"","_links_to":"","_links_to_target":""},"class_list":["post-3085","page","type-page","status-publish","hentry"],"acf":[],"_links":{"self":[{"href":"https:\/\/speedqueen.com\/vn\/wp-json\/wp\/v2\/pages\/3085","targetHints":{"allow":["GET"]}}],"collection":[{"href":"https:\/\/speedqueen.com\/vn\/wp-json\/wp\/v2\/pages"}],"about":[{"href":"https:\/\/speedqueen.com\/vn\/wp-json\/wp\/v2\/types\/page"}],"author":[{"embeddable":true,"href":"https:\/\/speedqueen.com\/vn\/wp-json\/wp\/v2\/users\/2"}],"replies":[{"embeddable":true,"href":"https:\/\/speedqueen.com\/vn\/wp-json\/wp\/v2\/comments?post=3085"}],"version-history":[{"count":5,"href":"https:\/\/speedqueen.com\/vn\/wp-json\/wp\/v2\/pages\/3085\/revisions"}],"predecessor-version":[{"id":3149,"href":"https:\/\/speedqueen.com\/vn\/wp-json\/wp\/v2\/pages\/3085\/revisions\/3149"}],"up":[{"embeddable":true,"href":"https:\/\/speedqueen.com\/vn\/wp-json\/wp\/v2\/pages\/3079"}],"wp:attachment":[{"href":"https:\/\/speedqueen.com\/vn\/wp-json\/wp\/v2\/media?parent=3085"}],"curies":[{"name":"wp","href":"https:\/\/api.w.org\/{rel}","templated":true}]}}