{"id":3090,"date":"2019-01-31T09:51:35","date_gmt":"2019-01-31T17:51:35","guid":{"rendered":"http:\/\/speedqueen.com\/vn\/the-speed-queen-difference\/"},"modified":"2019-09-09T02:01:22","modified_gmt":"2019-09-09T09:01:22","slug":"su-khac-biet-cua-speed-queen","status":"publish","type":"page","link":"https:\/\/speedqueen.com\/vn\/su-khac-biet-cua-speed-queen\/","title":{"rendered":"S\u1ef1 kh\u00e1c bi\u1ec7t c\u1ee7a Speed Queen"},"content":{"rendered":"\n<div class=\"wp-block-columns has-2-columns is-layout-flex wp-container-core-columns-is-layout-9d6595d7 wp-block-columns-is-layout-flex\">\n<div class=\"wp-block-column is-layout-flow wp-block-column-is-layout-flow\">\n<figure class=\"wp-block-image\"><img loading=\"lazy\" decoding=\"async\" width=\"535\" height=\"481\" src=\"https:\/\/speedqueen.com\/au\/wp-content\/uploads\/sites\/21\/2019\/02\/001.png\" alt=\"\" class=\"wp-image-542\" srcset=\"https:\/\/speedqueen.com\/vn\/wp-content\/uploads\/sites\/41\/2019\/02\/001.png 535w, https:\/\/speedqueen.com\/vn\/wp-content\/uploads\/sites\/41\/2019\/02\/001-300x270.png 300w\" sizes=\"auto, (max-width: 535px) 100vw, 535px\" \/><\/figure>\n<\/div>\n\n\n\n<div class=\"wp-block-column is-layout-flow wp-block-column-is-layout-flow\"><h2 class=\"title-icon text-left\"><span class=\"icon\"><img decoding=\"async\" src=\"https:\/\/speedqueen.com\/vn\/wp-content\/uploads\/sites\/41\/2019\/01\/basket-glyph.png\" alt=\"T\u1ea3i tr\u1ecdng v\u00e0 ch\u1ea5t l\u01b0\u1ee3ng\"><\/span>T\u1ea3i tr\u1ecdng v\u00e0 ch\u1ea5t l\u01b0\u1ee3ng<\/h2>\n\n\n<p>Ch\u1ea5t l\u01b0\u1ee3ng th\u1ec3 hi\u1ec7n r\u00f5 ch\u00fang t\u00f4i v\u00e0 c\u00e1c s\u1ea3n ph\u1ea9m c\u1ee7a ch\u00fang t\u00f4i. L\u00fd do m\u00e1y gi\u1eb7t v\u00e0 m\u00e1y s\u1ea5y Speed Queen c\u00f3 th\u1ec3 b\u1ec1n v\u1eefng 25 n\u0103m trong ng\u00f4i nh\u00e0 c\u1ee7a b\u1ea1n l\u00e0 v\u00ec ch\u00fang t\u00f4i lu\u00f4n quan t\u00e2m v\u00e0 c\u00e2n nh\u1eafc ph\u01b0\u01a1ng th\u1ee9c s\u1ea3n xu\u1ea5t n\u00ean nh\u1eefng s\u1ea3n ph\u1ea9m uy t\u00edn nh\u1ea5t tr\u00ean th\u1ecb tr\u01b0\u1eddng. Ch\u00fang t\u00f4i ch\u00fa \u00fd \u0111\u1ebfn t\u1eebng ti\u1ec3u ti\u1ebft, ch\u1ec9 s\u1eed d\u1ee5ng nh\u1eefng ph\u1ee5 t\u00f9ng c\u00f3 ch\u1ea5t l\u01b0\u1ee3ng cao nh\u1ea5t v\u00e0 kh\u00f4ng bao gi\u1edd \u0111\u1ed1t ch\u00e1y giai \u0111o\u1ea1n. Trong h\u01a1n m\u1ed9t th\u1ebf k\u1ef7, ch\u00fang t\u00f4i \u0111\u00e3 c\u00f3 \u0111\u01b0\u1ee3c m\u1ed9t l\u01b0\u1ee3ng kh\u00e1ch h\u00e0ng th\u00e2n thi\u1ebft \u0111\u00e1ng k\u1ec3 ch\u1ec9 \u0111\u01a1n gi\u1ea3n b\u1eb1ng vi\u1ec7c cung c\u1ea5p m\u00e1y gi\u1eb7t v\u00e0 m\u00e1y s\u1ea5y ch\u1eafc b\u1ec1n \u0111\u00e1ng tin c\u1eady.<\/p>\n\n\n<a href=\"http:\/\/speedqueen.com\/vn\/su-khac-biet-cua-speed-queen\/tai-trong-va-chat-luong\/?lang=vi\" class=\"button-arrow\" target=\"\">T\u00ccM HI\u1ec2U L\u00dd DO C\u00c1C LO\u1ea0I M\u00c1Y C\u1ee6A CH\u00daNG T\u00d4I B\u1ec0N V\u1eeeNG TRONG 25 N\u0102M<\/a><\/div>\n<\/div>\n\n\n\n<div class=\"wp-block-columns alignfull has-2-columns is-layout-flex wp-container-core-columns-is-layout-9d6595d7 wp-block-columns-is-layout-flex\">\n<div class=\"wp-block-column is-layout-flow wp-block-column-is-layout-flow\"><h2 class=\"title-icon text-left\"><span class=\"icon\"><img decoding=\"async\" src=\"https:\/\/speedqueen.com\/vn\/wp-content\/uploads\/sites\/41\/2019\/01\/washability-glyph.png\" alt=\"Kh\u1ea3 n\u0103ng gi\u1eb7t s\u1ea1ch\"><\/span>Kh\u1ea3 n\u0103ng gi\u1eb7t s\u1ea1ch<\/h2>\n\n\n<p>L\u00e0 \u0111\u01a1n v\u1ecb d\u1eabn \u0111\u1ea7u tr\u00ean th\u1ebf gi\u1edbi trong ng\u00e0nh gi\u1eb7t \u1ee7i th\u01b0\u01a1ng m\u1ea1i, ch\u00fang t\u00f4i c\u00f3 h\u01a1n 180 k\u1ef9 s\u01b0 ch\u1ec9 chuy\u00ean t\u1ea1o ra nh\u1eefng s\u1ea3n ph\u1ea9m m\u00e1y gi\u1eb7t v\u00e0 m\u00e1y s\u1ea5y c\u00f3 ch\u1ea5t l\u01b0\u1ee3ng t\u1ed1t nh\u1ea5t trong ng\u00e0nh. Ph\u1ea3i m\u1ea5t h\u00e0ng n\u0103m thi\u1ebft k\u1ebf, t\u1ea1o nguy\u00ean m\u1eabu, ki\u1ec3m tra v\u00e0 ki\u1ec3m tra th\u1ef1c \u0111\u1ecba tr\u01b0\u1edbc khi \u0111\u01b0a s\u1ea3n ph\u1ea9m ra th\u1ecb tr\u01b0\u1eddng. Ch\u00fang t\u00f4i \u0111\u00e3 t\u1ea1o d\u1ef1ng danh ti\u1ebfng c\u1ee7a m\u00ecnh tr\u00ean ch\u1ea5t l\u01b0\u1ee3ng th\u01b0\u01a1ng m\u1ea1i v\u00e0 ch\u00ednh danh ti\u1ebfng c\u1ee7a ch\u00fang t\u00f4i \u0111em \u0111\u1ebfn s\u1ef1 an t\u00e2m cho kh\u00e1ch h\u00e0ng m\u00e0 c\u00e1c \u0111\u1ed1i th\u1ee7 c\u1ee7a ch\u00fang t\u00f4i kh\u00f4ng th\u1ec3 s\u00e1nh k\u1ecbp.<\/p>\n\n\n<a href=\"http:\/\/speedqueen.com\/vn\/su-khac-biet-cua-speed-queen\/kha-nang-giat-sach\/?lang=vi\" class=\"button-arrow\" target=\"\">T\u00ccM HI\u1ec2U TH\u00caM V\u1ec0 VI\u1ec6C L\u00c0M S\u1ea0CH T\u1ed0I \u01afU<\/a><\/div>\n\n\n\n<div class=\"wp-block-column is-layout-flow wp-block-column-is-layout-flow\">\n<figure class=\"wp-block-embed-youtube wp-block-embed is-type-video is-provider-youtube wp-embed-aspect-16-9 wp-has-aspect-ratio\"><div class=\"wp-block-embed__wrapper\">\n<iframe loading=\"lazy\" title=\"Running Your Business Has Never Been Easier\" width=\"500\" height=\"281\" src=\"https:\/\/www.youtube.com\/embed\/Tgtszju5_NM?feature=oembed&#038;modestbranding=1&#038;showinfo=0&#038;rel=0\" frameborder=\"0\" allow=\"accelerometer; autoplay; clipboard-write; encrypted-media; gyroscope; picture-in-picture; web-share\" referrerpolicy=\"strict-origin-when-cross-origin\" allowfullscreen><\/iframe>\n<\/div><\/figure>\n<\/div>\n<\/div>\n\n\n\n<div class=\"wp-block-columns has-2-columns is-layout-flex wp-container-core-columns-is-layout-9d6595d7 wp-block-columns-is-layout-flex\">\n<div class=\"wp-block-column is-layout-flow wp-block-column-is-layout-flow\">\n<figure class=\"wp-block-image\"><img loading=\"lazy\" decoding=\"async\" width=\"428\" height=\"399\" src=\"https:\/\/speedqueen.com\/au\/wp-content\/uploads\/sites\/21\/2019\/03\/story.png\" alt=\"\" class=\"wp-image-1368\" srcset=\"https:\/\/speedqueen.com\/vn\/wp-content\/uploads\/sites\/41\/2019\/03\/story.png 428w, https:\/\/speedqueen.com\/vn\/wp-content\/uploads\/sites\/41\/2019\/03\/story-300x280.png 300w\" sizes=\"auto, (max-width: 428px) 100vw, 428px\" \/><\/figure>\n<\/div>\n\n\n\n<div class=\"wp-block-column is-layout-flow wp-block-column-is-layout-flow\"><h2 class=\"title-icon text-left\"><span class=\"icon\"><img decoding=\"async\" src=\"https:\/\/speedqueen.com\/vn\/wp-content\/uploads\/sites\/41\/2019\/02\/04-story.png\" alt=\"C\u00e2u chuy\u1ec7n v\u1ec1 Speed Queen\"><\/span>C\u00e2u chuy\u1ec7n v\u1ec1 Speed Queen<\/h2>\n\n\n<p>C\u00e1ch \u0111\u00e2y h\u01a1n m\u1ed9t th\u1ebf k\u1ef7 ch\u00fang t\u00f4i \u0111\u00e3 b\u1eaft \u0111\u1ea7u cung c\u1ea5p c\u00e1c s\u1ea3n ph\u1ea9m m\u00e1y gi\u1eb7t v\u00e0 m\u00e1y s\u1ea5y c\u00f3 hi\u1ec7u qu\u1ea3 ho\u1ea1t \u0111\u1ed9ng cao nh\u1ea5t, \u0111\u00e1ng tin c\u1eady nh\u1ea5t trong ng\u00e0nh. V\u00e0 v\u1edbi s\u1ef1 cam k\u1ebft ki\u00ean \u0111\u1ecbnh v\u1ec1 ch\u1ea5t l\u01b0\u1ee3ng, c\u1ea3i ti\u1ebfn v\u00e0 kh\u00e1ch h\u00e0ng, k\u1ec3 t\u1eeb \u0111\u00f3 ch\u00fang t\u00f4i kh\u00f4ng ng\u1eebng cung c\u1ea5p s\u1ea3n ph\u1ea9m c\u1ee7a m\u00ecnh.<\/p>\n\n\n<a href=\"http:\/\/speedqueen3.bitnamiapp.com\/the-speed-queen-difference\/the-speed-queen-story\/\" class=\"button-arrow\" target=\"\">T\u00ccM HI\u1ec2U TH\u00caM V\u1ec0 L\u1ecaCH S\u1eec C\u1ee6A CH\u00daNG T\u00d4I<\/a><\/div>\n<\/div>\n\n\n\n<div class=\"wp-block-columns alignfull has-2-columns is-layout-flex wp-container-core-columns-is-layout-9d6595d7 wp-block-columns-is-layout-flex\">\n<div class=\"wp-block-column is-layout-flow wp-block-column-is-layout-flow\"><h2 class=\"title-icon text-left\"><span class=\"icon\"><img decoding=\"async\" src=\"https:\/\/speedqueen.com\/vn\/wp-content\/uploads\/sites\/41\/2019\/02\/03-class.png\" alt=\"C\u1ea5p \u0111\u1ed9 gi\u1eb7t gi\u0169 kh\u00e1c bi\u1ec7t\"><\/span>C\u1ea5p \u0111\u1ed9 gi\u1eb7t gi\u0169 kh\u00e1c bi\u1ec7t<\/h2>\n\n\n<p>L\u00e0 \u0111\u01a1n v\u1ecb d\u1eabn \u0111\u1ea7u tr\u00ean th\u1ebf gi\u1edbi trong ng\u00e0nh gi\u1eb7t \u1ee7i th\u01b0\u01a1ng m\u1ea1i, ch\u00fang t\u00f4i c\u00f3 h\u01a1n 180 k\u1ef9 s\u01b0 ch\u1ec9 chuy\u00ean t\u1ea1o ra nh\u1eefng s\u1ea3n ph\u1ea9m m\u00e1y gi\u1eb7t v\u00e0 m\u00e1y s\u1ea5y c\u00f3 ch\u1ea5t l\u01b0\u1ee3ng t\u1ed1t nh\u1ea5t trong ng\u00e0nh. Ph\u1ea3i m\u1ea5t h\u00e0ng n\u0103m thi\u1ebft k\u1ebf, t\u1ea1o nguy\u00ean m\u1eabu, ki\u1ec3m tra v\u00e0 ki\u1ec3m tra th\u1ef1c \u0111\u1ecba tr\u01b0\u1edbc khi \u0111\u01b0a s\u1ea3n ph\u1ea9m ra th\u1ecb tr\u01b0\u1eddng. Ch\u00fang t\u00f4i \u0111\u00e3 t\u1ea1o d\u1ef1ng danh ti\u1ebfng c\u1ee7a m\u00ecnh tr\u00ean ch\u1ea5t l\u01b0\u1ee3ng th\u01b0\u01a1ng m\u1ea1i v\u00e0 ch\u00ednh danh ti\u1ebfng c\u1ee7a ch\u00fang t\u00f4i \u0111em \u0111\u1ebfn s\u1ef1 an t\u00e2m cho kh\u00e1ch h\u00e0ng m\u00e0 c\u00e1c \u0111\u1ed1i th\u1ee7 c\u1ee7a ch\u00fang t\u00f4i kh\u00f4ng th\u1ec3 s\u00e1nh k\u1ecbp.<\/p>\n\n\n<a href=\"http:\/\/speedqueen.com\/vn\/su-khac-biet-cua-speed-queen\/?lang=vi\" class=\"button-arrow\" target=\"\">T\u00ccM HI\u1ec2U NH\u1eeeNG \u0110I\u1ec0U KHI\u1ebeN CH\u00daNG T\u00d4I N\u1ed4I B\u1eacT SO V\u1edaI \u0110\u1ed0I TH\u1ee6<\/a>\n\n<a href=\"#\" class=\"button-arrow button-calculate\" target=\"\" data-modal=\"modal-calculate\">T\u00cdNH TO\u00c1N TH\u1edcI GIAN S\u1eec D\u1ee4NG C\u1ee6A M\u00c1Y GI\u1eb6T SPEED QUEEN<\/a><div class=\"modal-calculate\" data-modal=\"calculate\">\n\t\t<div class=\"content-modal why-sq-calculator\">\n\t\t\t<span class=\"close-modal\"><\/span>\n            <h2>How long will your Speed Queen washer last?<\/h2>\n\t\t\t<div class=\"calculator-form\">\n\t            <div class=\"content-flex\">\n\t                <p>How many years did your last washer last?<\/p>\n\t                <input type=\"number\" name=\"years\" onkeypress=\"return event.charCode >= 48 &amp;&amp; event.charCode <= 57\">\n\t                <p>How many loads of laundry do you do each week?<\/p>\n\t                <input type=\"number\" name=\"loads\" onkeypress=\"return event.charCode >= 48 &amp;&amp; event.charCode <= 57\">\n\t                <div class=\"clear\"><\/div>\n\t                <div class=\"btn-calculator\" id=\"calculate\">Calculate<\/div>\n\t                <div class=\"this-is-for-spacing\"><\/div>\n            \t<\/div>\n            <\/div>\n            <div class=\"calculator-chart\" style=\"display: none;\">\n\t            <div class=\"content-flex\">\n\t                <p><strong>Speed Queen washers are built to last. We test our machines through 10,400 loads.*<\/strong><\/p>\n\t                <div class=\"chart\">\n\t                    <div class=\"grid\">\n\t                        <div class=\"row\">\n\t                            <span>30<\/span>\n\t                            <span>30<\/span>\n\t                            <div><\/div>\n\t                        <\/div>\n\t                        <div class=\"row\">\n\t                            <span>25<\/span>\n\t                            <span>25<\/span>\n\t                            <div><\/div>\n\t                        <\/div>\n\t                        <div class=\"row\">\n\t                            <span>20<\/span>\n\t                            <span>20<\/span>\n\t                            <div><\/div>\n\t                        <\/div>\n\t                        <div class=\"row\">\n\t                            <span>15<\/span>\n\t                            <span>15<\/span>\n\t                            <div><\/div>\n\t                        <\/div>\n\t                        <div class=\"row\">\n\t                            <span>10<\/span>\n\t                            <span>10<\/span>\n\t                            <div><\/div>\n\t                        <\/div>\n\t                        <div class=\"row\">\n\t                            <span>5<\/span>\n\t                            <span>5<\/span>\n\t                            <div><\/div>\n\t                        <\/div>\n\t                    <\/div>\n\t                    <span class=\"axes-label\">Years<\/span>\n\t                    <div class=\"bars\">\n\t                        <div>\n\t                            <div class=\"bar\"><\/div>\n\t                            <div class=\"bar\"><\/div>\n\t                        <\/div>\n\t                    <\/div>\n\t                    <label>Old<br>Washer<\/label>\n\t                    <label>Speed<br>Queen<\/label>\n\t                <\/div>\n\t                <p class=\"calculator-disclaimer\">*Results are based on Speed Queen testing and are not guaranteed.<\/p>\n\t                <div class=\"btn-calculator\" id=\"recalculate\">Recalculate<\/div>\n\t                <div class=\"this-is-for-spacing\"><\/div>\n            \t<\/div>\n            <\/div>\n\t\t<\/div>\n\t<\/div>\n<\/div>\n\n\n\n<div class=\"wp-block-column is-layout-flow wp-block-column-is-layout-flow\">\n<figure class=\"wp-block-image\"><img loading=\"lazy\" decoding=\"async\" width=\"599\" height=\"391\" src=\"https:\/\/speedqueen.com\/au\/wp-content\/uploads\/sites\/21\/2019\/01\/04-class-laundry.png\" alt=\"\" class=\"wp-image-426\" srcset=\"https:\/\/speedqueen.com\/vn\/wp-content\/uploads\/sites\/41\/2019\/01\/04-class-laundry.png 599w, https:\/\/speedqueen.com\/vn\/wp-content\/uploads\/sites\/41\/2019\/01\/04-class-laundry-300x196.png 300w\" sizes=\"auto, (max-width: 599px) 100vw, 599px\" \/><\/figure>\n<\/div>\n<\/div>\n\n\n\n<div class=\"wp-block-columns has-2-columns is-layout-flex wp-container-core-columns-is-layout-9d6595d7 wp-block-columns-is-layout-flex\">\n<div class=\"wp-block-column is-layout-flow wp-block-column-is-layout-flow\">\n<figure class=\"wp-block-image\"><img loading=\"lazy\" decoding=\"async\" width=\"570\" height=\"346\" src=\"https:\/\/speedqueen.com\/au\/wp-content\/uploads\/sites\/21\/2019\/01\/05-american-quality.png\" alt=\"\" class=\"wp-image-427\" srcset=\"https:\/\/speedqueen.com\/vn\/wp-content\/uploads\/sites\/41\/2019\/01\/05-american-quality.png 570w, https:\/\/speedqueen.com\/vn\/wp-content\/uploads\/sites\/41\/2019\/01\/05-american-quality-300x182.png 300w\" sizes=\"auto, (max-width: 570px) 100vw, 570px\" \/><\/figure>\n<\/div>\n\n\n\n<div class=\"wp-block-column is-layout-flow wp-block-column-is-layout-flow\"><h2 class=\"title-icon text-left\"><span class=\"icon\"><img decoding=\"async\" src=\"https:\/\/speedqueen.com\/vn\/wp-content\/uploads\/sites\/41\/2019\/02\/05-american-quality.png\" alt=\"Ch\u1ea5t l\u01b0\u1ee3ng Hoa K\u1ef3\"><\/span>Ch\u1ea5t l\u01b0\u1ee3ng Hoa K\u1ef3<\/h2>\n\n\n<p>M\u00e1y gi\u1eb7t v\u00e0 m\u00e1y s\u1ea5y Speed Queen \u0111\u01b0\u1ee3c t\u1ea1o ra tr\u00ean c\u00f9ng m\u1ed9t nguy\u00ean t\u1eafc, m\u00e0 nguy\u00ean t\u1eafc \u0111\u00f3 x\u00e2y d\u1ef1ng n\u00ean \u0111\u1ea5t n\u01b0\u1edbc Hoa K\u1ef3. T\u1ecda l\u1ea1c \u1edf trung t\u00e2m t\u1ea1i Ripon, Wisconsin m\u1ed9t c\u00e1ch ki\u00eau h\u00e3nh, trong h\u01a1n m\u1ed9t th\u1ebf k\u1ef7 v\u1edbi h\u01a1n 2.000 nh\u00e2n vi\u00ean t\u1eadn t\u00e2m v\u00e0 h\u01a1n 3.200 ng\u01b0\u1eddi b\u00e1n h\u00e0ng \u0111\u1ed9c l\u1eadp tr\u00ean to\u00e0n qu\u1ed1c, ch\u00fang t\u00f4i cam k\u1ebft v\u1ec1 ch\u1ea5t l\u01b0\u1ee3ng Hoa K\u1ef3.<\/p>\n\n\n<a href=\"http:\/\/speedqueen.com\/vn\/su-khac-biet-cua-speed-queen\/chat-luong-hoa-ky\/?lang=vi\" class=\"button-arrow\" target=\"\">T\u00ccM HI\u1ec2U TH\u00caM V\u1ec0 CH\u1ea4T L\u01af\u1ee2NG HOA K\u1ef2<\/a><\/div>\n<\/div>\n\n\n\n<div class=\"wp-block-columns alignfull has-2-columns is-layout-flex wp-container-core-columns-is-layout-9d6595d7 wp-block-columns-is-layout-flex\">\n<div class=\"wp-block-column is-layout-flow wp-block-column-is-layout-flow\"><h2 class=\"title-icon text-left\"><span class=\"icon\"><img decoding=\"async\" src=\"https:\/\/speedqueen.com\/vn\/wp-content\/uploads\/sites\/41\/2019\/04\/handshake-glyph.png\" alt=\"Ph\u1ee5c v\u1ee5 b\u1ea1n ho\u00e0n to\u00e0n \u0111\u1ed9c l\u1eadp\"><\/span>Ph\u1ee5c v\u1ee5 b\u1ea1n ho\u00e0n to\u00e0n \u0111\u1ed9c l\u1eadp<\/h2>\n\n\n<p>B\u1ea1n kh\u00f4ng th\u1ec3 t\u00ecm th\u1ea5y c\u00e1c lo\u1ea1i m\u00e1y gi\u1eb7t v\u00e0 m\u00e1y s\u1ea5y Speed Queen t\u1ea1i nh\u1eefng c\u1eeda h\u00e0ng l\u1edbn. \u0110\u00f3 l\u00e0 v\u00ec ch\u00fang t\u00f4i ch\u1ec9 giao ph\u00f3 nh\u00e3n hi\u1ec7u c\u1ee7a m\u00ecnh v\u1edbi c\u00e1c c\u1eeda h\u00e0ng thi\u1ebft b\u1ecb \u0111\u1ed9c l\u1eadp c\u00f3 c\u00f9ng cam k\u1ebft v\u1ec1 ch\u1ea5t l\u01b0\u1ee3ng v\u00e0 \u0111\u1ed9 tin c\u1eady nh\u01b0 ch\u00fang t\u00f4i. Tr\u00ean 2.700 c\u1eeda h\u00e0ng n\u00e0y c\u00f3 chu\u1ea9n m\u1ef1c cao, c\u0169ng nh\u01b0 ch\u00fang t\u00f4i v\u1eady. H\u1ecd bi\u1ebft m\u1ecdi chi ti\u1ebft c\u1ee7a s\u1ea3n ph\u1ea9m, ngh\u0129a l\u00e0 h\u1ecd cung c\u1ea5p cho b\u1ea1n m\u1ed9t d\u1ecbch v\u1ee5 c\u00f3 c\u1ea5p \u0111\u1ed9 m\u00e0 b\u1ea1n kh\u00f4ng th\u1ec3 t\u00ecm th\u1ea5y \u1edf b\u1ea5t c\u1ee9 c\u1eeda h\u00e0ng b\u00e1n l\u1ebb \u0111\u1ea1i tr\u00e0 n\u00e0o. H\u1ecd l\u00e0m vi\u1ec7c c\u1ef1c k\u1ef3 ch\u0103m ch\u1ec9 v\u00ec h\u1ecd nhi\u1ec7t t\u00ecnh v\u1edbi c\u00f4ng vi\u1ec7c c\u1ee7a m\u00ecnh. V\u00e0 h\u1ecd d\u00e0nh th\u1eddi gian t\u00ecm hi\u1ec3u kh\u00e1ch h\u00e0ng c\u1ee7a h\u1ecd v\u00ec h\u1ecd quan t\u00e2m ch\u0103m s\u00f3c c\u00e1c c\u1ed9ng \u0111\u1ed3ng m\u00e0 h\u1ecd ph\u1ee5c v\u1ee5. Do \u0111\u00f3 b\u1ea1n c\u00f3 th\u1ec3 ch\u1eafc ch\u1eafn r\u1eb1ng khi mua s\u1ea3n ph\u1ea9m Speed Queen cao c\u1ea5p, b\u1ea1n s\u1ebd \u0111\u01b0\u1ee3c \u0111\u1ed1i x\u1eed nh\u01b0 gia \u0111\u00ecnh.<\/p>\n\n\n<a href=\"http:\/\/speedqueen.com\/vn\/nguoi-ban\/?lang=vi\" class=\"button-arrow\" target=\"\">T\u00ccM NG\u01af\u1edcI B\u00c1N H\u00c0NG \u0110\u1ed8C L\u1eacP G\u1ea6N B\u1ea0N NH\u1ea4T<\/a><\/div>\n\n\n\n<div class=\"wp-block-column is-layout-flow wp-block-column-is-layout-flow\">\n<figure class=\"wp-block-image\"><img loading=\"lazy\" decoding=\"async\" width=\"756\" height=\"419\" src=\"https:\/\/speedqueen.com\/au\/wp-content\/uploads\/sites\/21\/2019\/04\/independent-dealer.png\" alt=\"\" class=\"wp-image-2345\" srcset=\"https:\/\/speedqueen.com\/vn\/wp-content\/uploads\/sites\/41\/2019\/04\/independent-dealer.png 756w, https:\/\/speedqueen.com\/vn\/wp-content\/uploads\/sites\/41\/2019\/04\/independent-dealer-300x166.png 300w\" sizes=\"auto, (max-width: 756px) 100vw, 756px\" \/><\/figure>\n<\/div>\n<\/div>\n","protected":false},"excerpt":{"rendered":"<p>Ch\u1ea5t l\u01b0\u1ee3ng th\u1ec3 hi\u1ec7n r\u00f5 ch\u00fang t\u00f4i v\u00e0 c\u00e1c s\u1ea3n ph\u1ea9m c\u1ee7a ch\u00fang t\u00f4i. L\u00fd do m\u00e1y gi\u1eb7t v\u00e0 m\u00e1y s\u1ea5y Speed Queen c\u00f3 th\u1ec3 b\u1ec1n v\u1eefng 25 n\u0103m trong ng\u00f4i nh\u00e0 c\u1ee7a b\u1ea1n l\u00e0 v\u00ec ch\u00fang t\u00f4i lu\u00f4n quan t\u00e2m v\u00e0 c\u00e2n nh\u1eafc ph\u01b0\u01a1ng th\u1ee9c s\u1ea3n xu\u1ea5t n\u00ean nh\u1eefng s\u1ea3n ph\u1ea9m uy t\u00edn nh\u1ea5t [&hellip;]<\/p>\n","protected":false},"author":2,"featured_media":0,"parent":0,"menu_order":0,"comment_status":"closed","ping_status":"closed","template":"","meta":{"_acf_changed":false,"_eb_attr":"","footnotes":"","_links_to":"","_links_to_target":""},"class_list":["post-3090","page","type-page","status-publish","hentry"],"acf":[],"_links":{"self":[{"href":"https:\/\/speedqueen.com\/vn\/wp-json\/wp\/v2\/pages\/3090","targetHints":{"allow":["GET"]}}],"collection":[{"href":"https:\/\/speedqueen.com\/vn\/wp-json\/wp\/v2\/pages"}],"about":[{"href":"https:\/\/speedqueen.com\/vn\/wp-json\/wp\/v2\/types\/page"}],"author":[{"embeddable":true,"href":"https:\/\/speedqueen.com\/vn\/wp-json\/wp\/v2\/users\/2"}],"replies":[{"embeddable":true,"href":"https:\/\/speedqueen.com\/vn\/wp-json\/wp\/v2\/comments?post=3090"}],"version-history":[{"count":11,"href":"https:\/\/speedqueen.com\/vn\/wp-json\/wp\/v2\/pages\/3090\/revisions"}],"predecessor-version":[{"id":3173,"href":"https:\/\/speedqueen.com\/vn\/wp-json\/wp\/v2\/pages\/3090\/revisions\/3173"}],"wp:attachment":[{"href":"https:\/\/speedqueen.com\/vn\/wp-json\/wp\/v2\/media?parent=3090"}],"curies":[{"name":"wp","href":"https:\/\/api.w.org\/{rel}","templated":true}]}}