{"id":3092,"date":"2019-01-31T10:40:27","date_gmt":"2019-01-31T18:40:27","guid":{"rendered":"http:\/\/speedqueen.com\/vn\/the-speed-queen-difference\/american-quality\/"},"modified":"2019-09-09T00:02:08","modified_gmt":"2019-09-09T07:02:08","slug":"chat-luong-hoa-ky","status":"publish","type":"page","link":"https:\/\/speedqueen.com\/vn\/su-khac-biet-cua-speed-queen\/chat-luong-hoa-ky\/","title":{"rendered":"Ch\u1ea5t l\u01b0\u1ee3ng Hoa K\u1ef3"},"content":{"rendered":"\n<div class=\"wp-block-columns has-2-columns is-layout-flex wp-container-core-columns-is-layout-9d6595d7 wp-block-columns-is-layout-flex\">\n<div class=\"wp-block-column is-layout-flow wp-block-column-is-layout-flow\">\n<figure class=\"wp-block-embed-youtube wp-block-embed is-type-video is-provider-youtube wp-embed-aspect-16-9 wp-has-aspect-ratio\"><div class=\"wp-block-embed__wrapper\">\n<iframe loading=\"lazy\" title=\"Made with American Pride\" width=\"500\" height=\"281\" src=\"https:\/\/www.youtube.com\/embed\/YFfaTWIE4jg?feature=oembed&#038;modestbranding=1&#038;showinfo=0&#038;rel=0\" frameborder=\"0\" allow=\"accelerometer; autoplay; clipboard-write; encrypted-media; gyroscope; picture-in-picture; web-share\" referrerpolicy=\"strict-origin-when-cross-origin\" allowfullscreen><\/iframe>\n<\/div><\/figure>\n<\/div>\n\n\n\n<div class=\"wp-block-column is-layout-flow wp-block-column-is-layout-flow\">\n<p>B\u1ea1n c\u1ea7n m\u1ed9t m\u00e1y gi\u1eb7t v\u00e0 m\u00e1y s\u1ea5y c\u00f3 kh\u1ea3 n\u0103ng gi\u1eb7t s\u1ea1ch v\u00e0 kh\u00f4ng l\u00e0m h\u01b0 h\u1ecfng \u00e1o qu\u1ea7n c\u1ee7a b\u1ea1n. \u0110i\u1ec1u n\u00e0y kh\u00f4ng ph\u1ea3i l\u00e0 m\u1ed9t y\u00eau c\u1ea7u qu\u00e1 m\u1ee9c. \u0110\u00f3 l\u00e0 \u0111i\u1ec1u ch\u00ednh y\u1ebfu, v\u00e0 nh\u1eefng g\u00ec m\u00e0 b\u1ea1n b\u1ecf ra m\u1ed9t kho\u1ea3n ti\u1ec1n v\u1ea5t v\u1ea3 ki\u1ebfm \u0111\u01b0\u1ee3c \u0111\u1ec3 h\u1ecd l\u00e0m \u0111i\u1ec1u n\u00e0y. \u0110\u00f3 l\u00e0 l\u00fd do t\u1ea1i sao Speed Queen\u00ae cam k\u1ebft kh\u00f4ng ng\u1eebng n\u1ed7 l\u1ef1c v\u00ec kh\u1ea3 n\u0103ng gi\u1eb7t s\u1ea1ch nh\u1ea5t c\u00f3 th\u1ec3. C\u00f3 nhi\u1ec1u \u0111\u1eb7c \u0111i\u1ec3m nh\u1ea5t \u0111\u1ecbnh c\u00f2n m\u00e3i gi\u00fap kh\u1eb3ng \u0111\u1ecbnh n\u00ean Hoa K\u1ef3 ng\u00e0y nay, nh\u01b0 s\u1ee9c m\u1ea1nh, t\u00e0i l\u00e3nh \u0111\u1ea1o v\u00e0 ch\u1ea5t l\u01b0\u1ee3ng. V\u00e0 nh\u1eefng \u0111\u1eb7c tr\u01b0ng n\u00e0y kh\u00f4ng ch\u1ec9 \u0111\u1ecbnh ngh\u0129a m\u1ed9t n\u01b0\u1edbc Hoa K\u1ef3\u2014m\u00e0 c\u00f2n kh\u1eb3ng \u0111\u1ecbnh s\u1ea3n ph\u1ea9m M\u1ef9. M\u00e1y gi\u1eb7t Speed Queen\u00ae \u0111\u1ea7u ti\u00ean \u0111\u01b0\u1ee3c s\u1ea3n xu\u1ea5t t\u1ea1i Ripon, Wisconsin, v\u00e0o n\u0103m 1908, v\u00e0 ch\u00fang t\u00f4i t\u1ef1 h\u00e0o \u0111\u1eb7t v\u0103n ph\u00f2ng tr\u1ee5 s\u1edf t\u1ea1i \u0111\u00e2y k\u1ec3 t\u1eeb khi \u0111\u00f3. Tr\u00ean th\u1ef1c t\u1ebf, ch\u00fang t\u00f4i ch\u01b0a bao gi\u1edd s\u1ea3n xu\u1ea5t thi\u1ebft b\u1ecb gi\u1eb7t gi\u0169 gia \u0111\u00ecnh t\u1eeb b\u1ea5t k\u1ef3 n\u01a1i n\u00e0o kh\u00e1c. \u0110\u00f3 l\u00e0 n\u01a1i ch\u00fang t\u00f4i tri\u1ec3n khai nguy\u00ean t\u1eafc l\u00e0m vi\u1ec7c Trung T\u00e2y c\u1ee7a m\u00ecnh l\u00e0 \u0111\u1eb7t ch\u1ea5t l\u01b0\u1ee3ng l\u00ean tr\u00ean h\u1ebft. \u0110\u00f3 l\u00e0 n\u01a1i c\u00f3 h\u01a1n 2.700 nh\u00e2n vi\u00ean t\u1eadn t\u1ee5y lu\u00f4n s\u00e1t c\u00e1nh b\u00ean nhau \u0111\u1ec3 th\u1ef1c hi\u1ec7n l\u1eddi h\u1ee9a c\u1ee7a m\u00ecnh l\u00e0 l\u00e0m h\u00e0i l\u00f2ng kh\u00e1ch h\u00e0ng v\u00e0 kh\u00f4ng c\u00f3 tr\u01b0\u1eddng h\u1ee3p ngo\u1ea1i l\u1ec7 n\u00e0o. V\u00e0 \u0111\u00f3 l\u00e0 n\u01a1i sinh ra nh\u1eefng chi\u1ebfc m\u00e1y b\u1ec1n l\u00e2u \u0111\u01b0\u1ee3c c\u00e1c c\u1eeda h\u00e0ng thi\u1ebft b\u1ecb \u0111\u1ed9c l\u1eadp b\u00e1n tr\u00ean to\u00e0n qu\u1ed1c. K\u1ebft c\u1ea5u v\u1eefng ch\u1eafc, s\u1eed d\u1ee5ng b\u1ec1n l\u00e2u. \u0110\u00f3 l\u00e0 c\u00e1ch th\u1ee9c M\u1ef9.<\/p>\n<\/div>\n<\/div>\n\n\n\n<div style=\"height:70px\" aria-hidden=\"true\" class=\"wp-block-spacer\"><\/div>\n\n\n\n<div class=\"wp-block-columns has-4-columns is-layout-flex wp-container-core-columns-is-layout-9d6595d7 wp-block-columns-is-layout-flex\">\n<div class=\"wp-block-column is-layout-flow wp-block-column-is-layout-flow\">\n<h3 class=\"wp-block-heading\" style=\"text-align:center\">H\u01a0N 2.700<\/h3>\n\n\n\n<p style=\"color:#f04923;text-align:center\" class=\"has-text-color\">NH\u00c2N VI\u00caN T\u1eacN T\u1ee4Y<\/p>\n<\/div>\n\n\n\n<div class=\"wp-block-column is-layout-flow wp-block-column-is-layout-flow\">\n<p style=\"color:#f04923;text-align:center\" class=\"has-text-color\">S\u1ea2N XU\u1ea4T V\u1edaI NGUY\u00caN T\u1eaeC<\/p>\n\n\n\n<h3 class=\"wp-block-heading\" style=\"text-align:center\">L\u00c0M VI\u1ec6C MI\u1ec0N TRUNG T\u00c2Y<\/h3>\n<\/div>\n\n\n\n<div class=\"wp-block-column is-layout-flow wp-block-column-is-layout-flow\">\n<h3 class=\"wp-block-heading\" style=\"text-align:center\">3.200+<\/h3>\n\n\n\n<p style=\"color:#f04923;text-align:center\" class=\"has-text-color\">NG\u01af\u1edcI B\u00c1N H\u00c0NG \u0110\u1ed8C L\u1eacP<\/p>\n<\/div>\n\n\n\n<div class=\"wp-block-column is-layout-flow wp-block-column-is-layout-flow\">\n<p style=\"color:#f04923;text-align:center\" class=\"has-text-color\">K\u1ebeT C\u1ea4U V\u1eeeNG CH\u1eaeC<\/p>\n\n\n\n<h3 class=\"wp-block-heading\" style=\"text-align:center\">S\u1eec D\u1ee4NG B\u1ec0N L\u00c2U<\/h3>\n<\/div>\n<\/div>\n\n\n\n<div style=\"height:100px\" aria-hidden=\"true\" class=\"wp-block-spacer\"><\/div>\n\n\n\n<div class=\"wp-block-columns alignfull has-2-columns is-layout-flex wp-container-core-columns-is-layout-9d6595d7 wp-block-columns-is-layout-flex\">\n<div class=\"wp-block-column is-layout-flow wp-block-column-is-layout-flow\">\n<blockquote class=\"wp-block-quote is-style-large\"><p>Th\u1eadt t\u1ed1t khi b\u00e1n nh\u1eefng s\u1ea3n ph\u1ea9m \u0111\u01b0\u1ee3c s\u1ea3n xu\u1ea5t t\u1ea1i \u0111\u1ecba ph\u01b0\u01a1ng. H\u1ecd cung c\u1ea5p s\u1ea3n ph\u1ea9m c\u00f3 ch\u1ea5t l\u01b0\u1ee3ng h\u00e0ng \u0111\u1ea7u, nh\u1eefng th\u00e0nh ph\u1ea7n cao c\u1ea5p v\u00e0 ch\u1ebf \u0111\u1ed9 b\u1ea3o h\u00e0nh t\u1ed1t nh\u1ea5t.<\/p><cite><strong>Bob Thompson<\/strong><br>Thompson Appliance<\/cite><\/blockquote>\n<\/div>\n\n\n\n<div class=\"wp-block-column is-layout-flow wp-block-column-is-layout-flow\">\n<h2 class=\"wp-block-heading\">Ph\u1ee5c v\u1ee5 b\u1ea1n ho\u00e0n to\u00e0n \u0111\u1ed9c l\u1eadp<\/h2>\n\n\n\n<p>B\u1ea1n kh\u00f4ng th\u1ec3 t\u00ecm th\u1ea5y c\u00e1c lo\u1ea1i m\u00e1y gi\u1eb7t v\u00e0 m\u00e1y s\u1ea5y Speed Queen t\u1ea1i nh\u1eefng c\u1eeda h\u00e0ng l\u1edbn. \u0110\u00f3 l\u00e0 v\u00ec ch\u00fang t\u00f4i ch\u1ec9 giao ph\u00f3 nh\u00e3n hi\u1ec7u c\u1ee7a m\u00ecnh v\u1edbi c\u00e1c c\u1eeda h\u00e0ng thi\u1ebft b\u1ecb \u0111\u1ed9c l\u1eadp c\u00f3 c\u00f9ng cam k\u1ebft v\u1ec1 ch\u1ea5t l\u01b0\u1ee3ng v\u00e0 \u0111\u1ed9 tin c\u1eady nh\u01b0 ch\u00fang t\u00f4i. Tr\u00ean 2.700 c\u1eeda h\u00e0ng n\u00e0y c\u00f3 chu\u1ea9n m\u1ef1c cao, c\u0169ng nh\u01b0 ch\u00fang t\u00f4i v\u1eady. H\u1ecd bi\u1ebft m\u1ecdi chi ti\u1ebft c\u1ee7a s\u1ea3n ph\u1ea9m, ngh\u0129a l\u00e0 h\u1ecd cung c\u1ea5p cho b\u1ea1n m\u1ed9t d\u1ecbch v\u1ee5 c\u00f3 c\u1ea5p \u0111\u1ed9 m\u00e0 b\u1ea1n kh\u00f4ng th\u1ec3 t\u00ecm th\u1ea5y \u1edf b\u1ea5t c\u1ee9 c\u1eeda h\u00e0ng b\u00e1n l\u1ebb \u0111\u1ea1i tr\u00e0 n\u00e0o. H\u1ecd l\u00e0m vi\u1ec7c c\u1ef1c k\u1ef3 ch\u0103m ch\u1ec9 v\u00ec h\u1ecd nhi\u1ec7t t\u00ecnh v\u1edbi c\u00f4ng vi\u1ec7c c\u1ee7a m\u00ecnh. V\u00e0 h\u1ecd d\u00e0nh th\u1eddi gian t\u00ecm hi\u1ec3u kh\u00e1ch h\u00e0ng c\u1ee7a h\u1ecd v\u00ec h\u1ecd quan t\u00e2m ch\u0103m s\u00f3c c\u00e1c c\u1ed9ng \u0111\u1ed3ng m\u00e0 h\u1ecd ph\u1ee5c v\u1ee5. Do \u0111\u00f3 b\u1ea1n c\u00f3 th\u1ec3 ch\u1eafc ch\u1eafn r\u1eb1ng khi mua s\u1ea3n ph\u1ea9m Speed Queen cao c\u1ea5p, b\u1ea1n s\u1ebd \u0111\u01b0\u1ee3c \u0111\u1ed1i x\u1eed nh\u01b0 gia \u0111\u00ecnh.<\/p>\n\n\n<a href=\"#\" class=\"button-arrow\" target=\"\">T\u00ccM NG\u01af\u1edcI B\u00c1N H\u00c0NG \u0110\u1ed8C L\u1eacP G\u1ea6N B\u1ea0N NH\u1ea4T<\/a><\/div>\n<\/div>\n","protected":false},"excerpt":{"rendered":"<p>B\u1ea1n c\u1ea7n m\u1ed9t m\u00e1y gi\u1eb7t v\u00e0 m\u00e1y s\u1ea5y c\u00f3 kh\u1ea3 n\u0103ng gi\u1eb7t s\u1ea1ch v\u00e0 kh\u00f4ng l\u00e0m h\u01b0 h\u1ecfng \u00e1o qu\u1ea7n c\u1ee7a b\u1ea1n. \u0110i\u1ec1u n\u00e0y kh\u00f4ng ph\u1ea3i l\u00e0 m\u1ed9t y\u00eau c\u1ea7u qu\u00e1 m\u1ee9c. \u0110\u00f3 l\u00e0 \u0111i\u1ec1u ch\u00ednh y\u1ebfu, v\u00e0 nh\u1eefng g\u00ec m\u00e0 b\u1ea1n b\u1ecf ra m\u1ed9t kho\u1ea3n ti\u1ec1n v\u1ea5t v\u1ea3 ki\u1ebfm \u0111\u01b0\u1ee3c \u0111\u1ec3 h\u1ecd l\u00e0m \u0111i\u1ec1u [&hellip;]<\/p>\n","protected":false},"author":2,"featured_media":0,"parent":3090,"menu_order":0,"comment_status":"closed","ping_status":"closed","template":"","meta":{"_acf_changed":false,"_eb_attr":"","footnotes":"","_links_to":"","_links_to_target":""},"class_list":["post-3092","page","type-page","status-publish","hentry"],"acf":[],"_links":{"self":[{"href":"https:\/\/speedqueen.com\/vn\/wp-json\/wp\/v2\/pages\/3092","targetHints":{"allow":["GET"]}}],"collection":[{"href":"https:\/\/speedqueen.com\/vn\/wp-json\/wp\/v2\/pages"}],"about":[{"href":"https:\/\/speedqueen.com\/vn\/wp-json\/wp\/v2\/types\/page"}],"author":[{"embeddable":true,"href":"https:\/\/speedqueen.com\/vn\/wp-json\/wp\/v2\/users\/2"}],"replies":[{"embeddable":true,"href":"https:\/\/speedqueen.com\/vn\/wp-json\/wp\/v2\/comments?post=3092"}],"version-history":[{"count":4,"href":"https:\/\/speedqueen.com\/vn\/wp-json\/wp\/v2\/pages\/3092\/revisions"}],"predecessor-version":[{"id":3136,"href":"https:\/\/speedqueen.com\/vn\/wp-json\/wp\/v2\/pages\/3092\/revisions\/3136"}],"up":[{"embeddable":true,"href":"https:\/\/speedqueen.com\/vn\/wp-json\/wp\/v2\/pages\/3090"}],"wp:attachment":[{"href":"https:\/\/speedqueen.com\/vn\/wp-json\/wp\/v2\/media?parent=3092"}],"curies":[{"name":"wp","href":"https:\/\/api.w.org\/{rel}","templated":true}]}}