{"id":3094,"date":"2019-01-31T11:04:24","date_gmt":"2019-01-31T19:04:24","guid":{"rendered":"http:\/\/speedqueen.com\/vn\/the-speed-queen-difference\/loads-and-loads-of-quality\/"},"modified":"2019-09-09T01:43:29","modified_gmt":"2019-09-09T08:43:29","slug":"tai-trong-va-chat-luong","status":"publish","type":"page","link":"https:\/\/speedqueen.com\/vn\/su-khac-biet-cua-speed-queen\/tai-trong-va-chat-luong\/","title":{"rendered":"T\u1ea3i tr\u1ecdng v\u00e0 ch\u1ea5t l\u01b0\u1ee3ng"},"content":{"rendered":"\n<div class=\"wp-block-image\"><figure class=\"aligncenter\"><img loading=\"lazy\" decoding=\"async\" width=\"535\" height=\"481\" src=\"https:\/\/speedqueen.com\/vn\/wp-content\/uploads\/sites\/41\/2019\/02\/01.png\" alt=\"\" class=\"wp-image-540\" srcset=\"https:\/\/speedqueen.com\/vn\/wp-content\/uploads\/sites\/41\/2019\/02\/01.png 535w, https:\/\/speedqueen.com\/vn\/wp-content\/uploads\/sites\/41\/2019\/02\/01-300x270.png 300w\" sizes=\"auto, (max-width: 535px) 100vw, 535px\" \/><\/figure><\/div>\n\n\n\n<div class=\"wp-block-columns alignfull has-2-columns is-layout-flex wp-container-core-columns-is-layout-9d6595d7 wp-block-columns-is-layout-flex\">\n<div class=\"wp-block-column is-layout-flow wp-block-column-is-layout-flow\">\n<figure class=\"wp-block-image\"><img loading=\"lazy\" decoding=\"async\" width=\"570\" height=\"346\" src=\"https:\/\/speedqueen.com\/au\/wp-content\/uploads\/sites\/21\/2019\/02\/01-1.png\" alt=\"\" class=\"wp-image-541\" srcset=\"https:\/\/speedqueen.com\/vn\/wp-content\/uploads\/sites\/41\/2019\/02\/01-1.png 570w, https:\/\/speedqueen.com\/vn\/wp-content\/uploads\/sites\/41\/2019\/02\/01-1-300x182.png 300w\" sizes=\"auto, (max-width: 570px) 100vw, 570px\" \/><\/figure>\n<\/div>\n\n\n\n<div class=\"wp-block-column is-layout-flow wp-block-column-is-layout-flow\">\n<h2 class=\"wp-block-heading\">Ch\u1ea5t l\u01b0\u1ee3ng th\u01b0\u01a1ng m\u1ea1i. \u0110\u01b0\u1ee3c ch\u1ea5p thu\u1eadn s\u1eed d\u1ee5ng trong nh\u00e0.<\/h2>\n\n\n\n<p>B\u1ea1n bi\u1ebft nh\u1eefng chi\u1ebfc m\u00e1y gi\u1eb7t v\u00e0 m\u00e1y s\u1ea5y m\u00e0 b\u1ea1n \u0111\u00e3 nh\u00ecn th\u1ea5y ho\u1eb7c s\u1eed d\u1ee5ng trong c\u00e1c c\u01a1 s\u1edf th\u01b0\u01a1ng m\u1ea1i nh\u01b0 hi\u1ec7u gi\u1eb7t gi\u0169, kh\u00e1ch s\u1ea1n v\u00e0 \u0111\u1ea1i h\u1ecdc ch\u1ee9? C\u00f3 nhi\u1ec1u kh\u1ea3 n\u0103ng ch\u00fang l\u00e0 s\u1ea3n ph\u1ea9m Speed Queen\u00ae. V\u00e0 n\u1ebfu v\u1eady, c\u00f3 kh\u1ea3 n\u0103ng l\u00e0 ch\u00fang v\u1eabn ho\u1ea1t \u0111\u1ed9ng.<\/p>\n\n\n\n<p>T\u1ea1i sao \u0111i\u1ec1u \u0111\u00f3 l\u1ea1i quan tr\u1ecdng v\u1edbi b\u1ea1n? V\u00ec c\u00f9ng lo\u1ea1i m\u00e1y gi\u1eb7t v\u00e0 m\u00e1y s\u1ea5y \u0111\u01b0\u1ee3c ki\u1ec3m nghi\u1ec7m b\u1ec1n v\u1eefng trong nhi\u1ec1u n\u0103m s\u1eed d\u1ee5ng trong l\u0129nh v\u1ef1c th\u01b0\u01a1ng m\u1ea1i kh\u1eaft khe nh\u1ea5t l\u00e0 nh\u1eefng lo\u1ea1i m\u00e1y \u0111\u01b0\u1ee3c s\u1ea3n xu\u1ea5t v\u00e0 ki\u1ec3m nghi\u1ec7m b\u1ec1n v\u1eefng 25 n\u0103m trong nh\u00e0 c\u1ee7a b\u1ea1n.<\/p>\n<\/div>\n<\/div>\n\n\n\n<div class=\"wp-block-columns has-2-columns is-layout-flex wp-container-core-columns-is-layout-9d6595d7 wp-block-columns-is-layout-flex\">\n<div class=\"wp-block-column is-layout-flow wp-block-column-is-layout-flow\">\n<h2 class=\"wp-block-heading\">H\u1ea1ng th\u01b0\u01a1ng ph\u1ea9m ngh\u0129a l\u00e0 \u0111\u01b0\u1ee3c s\u1ea3n xu\u1ea5t t\u1ed1t h\u01a1n.<\/h2>\n\n\n\n<p>L\u00fd do ch\u00fang t\u00f4i l\u00e0 nh\u1eefng ng\u01b0\u1eddi \u0111i \u0111\u1ea7u trong l\u0129nh v\u1ef1c gi\u1eb7t gi\u0169 th\u01b0\u01a1ng m\u1ea1i kh\u00f4ng ph\u1ea3i l\u00e0 \u0111i\u1ec1u b\u00ed \u1ea9n \u2013 c\u00e1c b\u1ed9 ph\u1eadn m\u1ea1nh m\u1ebd \u0111em \u0111\u1ebfn hi\u1ec7u su\u1ea5t ho\u1ea1t \u0111\u1ed9ng l\u00e2u h\u01a1n. Trong khi c\u00e1c nh\u00e0 s\u1ea3n xu\u1ea5t kh\u00e1c ch\u1ecdn s\u1ea3n xu\u1ea5t m\u00e1y gi\u1eb7t v\u00e0 m\u00e1y s\u1ea5y v\u1edbi c\u00e1c ph\u1ea7n b\u1eb1ng nh\u1ef1a, ch\u00fang t\u00f4i s\u1eed d\u1ee5ng c\u00e1c th\u00e0nh ph\u1ea7n kim lo\u1ea1i c\u00f3 ch\u1ea5t l\u01b0\u1ee3ng th\u01b0\u01a1ng m\u1ea1i trong to\u00e0n b\u1ed9 s\u1ea3n ph\u1ea9m m\u00e1y m\u00f3c c\u1ee7a m\u00ecnh.<\/p>\n\n\n\n<p>Ch\u00fang t\u00f4i thi\u1ebft k\u1ebf, ph\u00e1t tri\u1ec3n v\u00e0 s\u1ea3n xu\u1ea5t t\u1ea5t c\u1ea3 c\u00e1c th\u00e0nh ph\u1ea7n quan tr\u1ecdng c\u1ee7a m\u00e1y t\u1ea1i Ripon Wisconsin. Ch\u00fang t\u00f4i t\u1ef1 h\u00e0o v\u1ec1 ch\u1ea5t l\u01b0\u1ee3ng v\u00e0 m\u1ee9c \u0111\u1ed9 tin c\u1eady c\u1ee7a s\u1ea3n ph\u1ea9m t\u1ea1i nh\u00e0 c\u1ee7a b\u1ea1n.<\/p>\n<\/div>\n\n\n\n<div class=\"wp-block-column is-layout-flow wp-block-column-is-layout-flow\">\n<figure class=\"wp-block-embed-youtube wp-block-embed is-type-video is-provider-youtube wp-embed-aspect-16-9 wp-has-aspect-ratio\"><div class=\"wp-block-embed__wrapper\">\n<iframe loading=\"lazy\" title=\"Speed Queen Home Laundry Commercial Quality\" width=\"500\" height=\"281\" src=\"https:\/\/www.youtube.com\/embed\/GGqt_jEALf4?feature=oembed&#038;modestbranding=1&#038;showinfo=0&#038;rel=0\" frameborder=\"0\" allow=\"accelerometer; autoplay; clipboard-write; encrypted-media; gyroscope; picture-in-picture; web-share\" referrerpolicy=\"strict-origin-when-cross-origin\" allowfullscreen><\/iframe>\n<\/div><\/figure>\n<\/div>\n<\/div>\n\n\n\n<div class=\"wp-block-columns alignfull has-2-columns is-layout-flex wp-container-core-columns-is-layout-9d6595d7 wp-block-columns-is-layout-flex\">\n<div class=\"wp-block-column is-layout-flow wp-block-column-is-layout-flow\">\n<figure class=\"wp-block-embed-youtube wp-block-embed is-type-video is-provider-youtube wp-embed-aspect-16-9 wp-has-aspect-ratio\"><div class=\"wp-block-embed__wrapper\">\n<iframe loading=\"lazy\" title=\"Speed Queen Electronic Controls\" width=\"500\" height=\"281\" src=\"https:\/\/www.youtube.com\/embed\/Vjk3a7GGqgM?feature=oembed&#038;modestbranding=1&#038;showinfo=0&#038;rel=0\" frameborder=\"0\" allow=\"accelerometer; autoplay; clipboard-write; encrypted-media; gyroscope; picture-in-picture; web-share\" referrerpolicy=\"strict-origin-when-cross-origin\" allowfullscreen><\/iframe>\n<\/div><\/figure>\n<\/div>\n\n\n\n<div class=\"wp-block-column is-layout-flow wp-block-column-is-layout-flow\">\n<h2 class=\"wp-block-heading\">B\u1ea3ng \u0111i\u1ec1u khi\u1ec3n \u0111i\u1ec7n t\u1eed \u0111\u00e1ng tin c\u1eady, l\u00e2u b\u1ec1n<\/h2>\n\n\n\n<p>Ch\u00fang t\u00f4i hi\u1ec3u r\u1eb1ng n\u1ebfu b\u1ea3ng \u0111i\u1ec1u khi\u1ec3n kh\u00f4ng ho\u1ea1t \u0111\u1ed9ng, m\u00e1y c\u1ee7a b\u1ea1n c\u0169ng s\u1ebd kh\u00f4ng ho\u1ea1t \u0111\u1ed9ng. B\u1ea3ng \u0111i\u1ec1u khi\u1ec3n \u0111i\u1ec7n t\u1eed Speed Queen \u0111\u01b0\u1ee3c thi\u1ebft k\u1ebf \u0111\u1ec3 v\u1eadn h\u00e0nh tin c\u1eady v\u00e0 \u0111\u01b0\u1ee3c ch\u1ee9ng minh qua h\u01a1n hai th\u1eadp k\u1ef7 s\u1eed d\u1ee5ng tr\u00ean th\u1ecb tr\u01b0\u1eddng th\u01b0\u01a1ng m\u1ea1i. B\u1ea3ng \u0111i\u1ec1u khi\u1ec3n c\u00f4ng nghi\u1ec7p c\u1ee7a ch\u00fang t\u00f4i \u0111\u01b0\u1ee3c ch\u1ebf t\u1ea1o gi\u00fap ch\u1ecbu \u0111\u01b0\u1ee3c m\u00f4i tr\u01b0\u1eddng th\u1eddi ti\u1ebft kh\u1eafc nghi\u1ec7t, qu\u00e1 \u00e1p v\u00e0 rung trong nhi\u1ec1u n\u0103m s\u1eed d\u1ee5ng kh\u00f4ng g\u1eb7p s\u1ef1 c\u1ed1 n\u00e0o.<\/p>\n\n\n\n<p>B\u1ea3ng \u0111i\u1ec1u khi\u1ec3n Speed Queen s\u1eed d\u1ee5ng b\u1ea3ng m\u1ea1ch nhi\u1ec1u l\u1edbp v\u1edbi b\u1ed9 n\u1ed1i si\u00eau c\u00f4ng su\u1ea5t \u0111em \u0111\u1ebfn \u0111\u1ed9 b\u1ec1n th\u01b0\u01a1ng m\u1ea1i; v\u00e0 m\u1ed7i b\u1ea3ng m\u1ea1ch c\u00f3 m\u00e0ng ch\u1ed1ng th\u1ea5m h\u1ed7 tr\u1ee3 b\u1ea3o v\u1ec7 h\u01a1n n\u1eefa. Keo d\u00e1n th\u00e0nh ph\u1ea7n h\u1ea1ng th\u01b0\u01a1ng ph\u1ea9m cho ph\u00e9p b\u1ea3ng \u0111i\u1ec1u khi\u1ec3n v\u00e0 m\u1ea1ch \u0111i\u1ec7n ch\u1ecbu \u0111\u01b0\u1ee3c \u0111\u1ed9 rung k\u00e9o d\u00e0i trong nhi\u1ec1u n\u0103m \u0111\u00e1ng tin c\u1eady.<\/p>\n<\/div>\n<\/div>\n\n\n\n<div class=\"wp-block-columns has-2-columns is-layout-flex wp-container-core-columns-is-layout-9d6595d7 wp-block-columns-is-layout-flex\">\n<div class=\"wp-block-column is-layout-flow wp-block-column-is-layout-flow\">\n<h2 class=\"wp-block-heading\">T\u1ea1o n\u00ean th\u1ee9 h\u1ea1ng b\u1eb1ng c\u00e1ch v\u01b0\u1ee3t qua c\u00e1c \u0111\u1ee3t ki\u1ec3m tra<\/h2>\n\n\n\n<p>Vi\u1ec7c s\u1ea3n xu\u1ea5t s\u1ea3n ph\u1ea9m ho\u1ea1t \u0111\u1ed9ng t\u1ea1i nh\u00e0 trong m\u1ed9t ph\u1ea7n t\u01b0 th\u1ebf k\u1ef7 b\u1eaft \u0111\u1ea7u v\u1edbi m\u1ed9t quy tr\u00ecnh ki\u1ec3m tra s\u1ea3n ph\u1ea9m k\u00e9o d\u00e0i t\u01b0\u01a1ng \u0111\u01b0\u01a1ng tr\u01b0\u1edbc khi b\u1eaft \u0111\u1ea7u quy tr\u00ecnh s\u1ea3n xu\u1ea5t.<\/p>\n\n\n\n<p>Cu\u1ed1i c\u00f9ng, ch\u00fang t\u00f4i \u00e1p d\u1ee5ng quy tr\u00ecnh ph\u00e1t tri\u1ec3n s\u1ea3n ph\u1ea9m 5 giai \u0111o\u1ea1n \u0111\u1ed9c \u0111\u00e1o, \u0111\u1ea9y m\u1ea1nh m\u1ed7i ki\u1ec3u thi\u1ebft k\u1ebf \u0111\u1ebfn gi\u1edbi h\u1ea1n c\u1ee7a n\u00f3 tr\u00ean m\u00e0n h\u00ecnh v\u00e0 tr\u00ean th\u1ef1c \u0111\u1ecba. Trong ph\u00f2ng th\u00ed nghi\u1ec7m hi\u1ec7n \u0111\u1ea1i, thi\u1ebft b\u1ecb \u0111\u01b0\u1ee3c ki\u1ec3m tra \u0111\u1ebfn 10.400 chu tr\u00ecnh, t\u01b0\u01a1ng \u0111\u01b0\u01a1ng 25 n\u0103m ho\u1ea1t \u0111\u1ed9ng t\u1ea1i m\u1ed9t ng\u00f4i nh\u00e0 trung b\u00ecnh v\u00e0 l\u00e2u h\u01a1n g\u1ea5p hai \u0111\u1ebfn ba l\u1ea7n so v\u1edbi c\u00e1c th\u01b0\u01a1ng hi\u1ec7u kh\u00e1c.<\/p>\n\n\n<a href=\"http:\/\/speedqueen.com\/vn\/su-khac-biet-cua-speed-queen\/?lang=vi\" class=\"button-arrow\" target=\"\">T\u00ccM HI\u1ec2U QUY TR\u00ccNH PH\u00c1T TRI\u1ec2N S\u1ea2N PH\u1ea8M 5 GIAI \u0110O\u1ea0N C\u1ee6A CH\u00daNG T\u00d4I<\/a><\/div>\n\n\n\n<div class=\"wp-block-column is-layout-flow wp-block-column-is-layout-flow\">\n<figure class=\"wp-block-embed-youtube wp-block-embed is-type-video is-provider-youtube wp-embed-aspect-16-9 wp-has-aspect-ratio\"><div class=\"wp-block-embed__wrapper\">\n<iframe loading=\"lazy\" title=\"Speed Queen Home Laundry Product Development\" width=\"500\" height=\"281\" src=\"https:\/\/www.youtube.com\/embed\/0-azLMfpZVE?feature=oembed&#038;modestbranding=1&#038;showinfo=0&#038;rel=0\" frameborder=\"0\" allow=\"accelerometer; autoplay; clipboard-write; encrypted-media; gyroscope; picture-in-picture; web-share\" referrerpolicy=\"strict-origin-when-cross-origin\" allowfullscreen><\/iframe>\n<\/div><\/figure>\n<\/div>\n<\/div>\n\n\n\n<div class=\"wp-block-columns alignfull has-2-columns is-layout-flex wp-container-core-columns-is-layout-9d6595d7 wp-block-columns-is-layout-flex\">\n<div class=\"wp-block-column is-layout-flow wp-block-column-is-layout-flow\">\n<figure class=\"wp-block-embed-youtube wp-block-embed is-type-video is-provider-youtube wp-embed-aspect-16-9 wp-has-aspect-ratio\"><div class=\"wp-block-embed__wrapper\">\n<iframe loading=\"lazy\" title=\"The Proof is in the warranty\" width=\"500\" height=\"281\" src=\"https:\/\/www.youtube.com\/embed\/gwou9dd6TXw?feature=oembed&#038;modestbranding=1&#038;showinfo=0&#038;rel=0\" frameborder=\"0\" allow=\"accelerometer; autoplay; clipboard-write; encrypted-media; gyroscope; picture-in-picture; web-share\" referrerpolicy=\"strict-origin-when-cross-origin\" allowfullscreen><\/iframe>\n<\/div><\/figure>\n<\/div>\n\n\n\n<div class=\"wp-block-column is-layout-flow wp-block-column-is-layout-flow\">\n<h2 class=\"wp-block-heading\">B\u1eb1ng ch\u1ee9ng n\u1eb1m trong ch\u1ebf \u0111\u1ed9 b\u1ea3o h\u00e0nh<\/h2>\n\n\n\n<p>Ch\u00fang t\u00f4i r\u1ea5t t\u1ef1 tin v\u1ec1 ch\u1ea5t l\u01b0\u1ee3ng m\u00e1y m\u00f3c c\u1ee7a m\u00ecnh \u0111\u1ebfn n\u1ed7i ch\u00fang t\u00f4i \u0111\u01b0a v\u00e0o c\u00e1c g\u00f3i b\u1ea3o h\u00e0nh 3, 5, &amp; 7 n\u0103m h\u00e0ng \u0111\u1ea7u trong ng\u00e0nh. Nh\u1eefng g\u00f3i b\u1ea3o h\u00e0nh n\u00e0y k\u00e9o d\u00e0i h\u01a1n th\u1eddi gian b\u1ea3o h\u00e0nh trung b\u00ecnh trong ng\u00e0nh g\u1ea5p 7 l\u1ea7n v\u00e0 bao g\u1ed3m m\u1ecdi th\u00e0nh ph\u1ea7n c\u0169ng nh\u01b0 nh\u00e2n c\u00f4ng t\u1ea1i ch\u1ed7. Sau h\u1ebft, m\u00e1y gi\u1eb7t l\u00e2u b\u1ec1n nh\u1ea5t n\u00ean c\u00f3 m\u1ed9t ch\u1ebf \u0111\u1ed9 b\u1ea3o h\u00e0nh l\u00e2u d\u00e0i nh\u1ea5t.<\/p>\n<\/div>\n<\/div>\n\n\n\n<div class=\"wp-block-columns has-2-columns is-layout-flex wp-container-core-columns-is-layout-9d6595d7 wp-block-columns-is-layout-flex\">\n<div class=\"wp-block-column is-layout-flow wp-block-column-is-layout-flow\">\n<h2 class=\"wp-block-heading\">\u0110\u1ee9ng v\u1eefng qua th\u1eed th\u00e1ch th\u1eddi gian<\/h2>\n\n\n\n<p>M\u00e1y gi\u1eb7t v\u00e0 m\u00e1y s\u1ea5y Speed Queen \u0111\u01b0\u1ee3c ki\u1ec3m tra b\u1ec1n v\u1eefng qua 10.400 chu k\u1ef3. Trung b\u00ecnh gi\u1eb7t 8 l\u1ea7n m\u1ed9t tu\u1ea7n, t\u1ed5ng c\u1ed9ng 25 n\u0103m s\u1eed d\u1ee5ng t\u1ea1i nh\u00e0 c\u1ee7a b\u1ea1n. M\u1ed7i ng\u00e0y ch\u00fang t\u00f4i nh\u1eadn \u0111\u01b0\u1ee3c nhi\u1ec1u th\u00f4ng \u0111i\u1ec7p v\u00e0 nh\u1eadn x\u00e9t tr\u1ef1c tuy\u1ebfn t\u1eeb c\u00e1c gia \u0111\u00ecnh tr\u00ean th\u1ebf gi\u1edbi s\u1edf h\u1eefu m\u00e1y 25, 30 th\u1eadm ch\u00ed tr\u00ean 40 n\u0103m. Ch\u00fang t\u00f4i minh ch\u1ee9ng cho s\u1ef1 cam k\u1ebft ch\u1ea5t l\u01b0\u1ee3ng Hoa K\u1ef3 c\u1ee7a m\u00ecnh d\u1ef1a tr\u00ean \u0111\u1ed9 tin c\u1eady s\u1ea3n ph\u1ea9m c\u1ee7a ch\u00fang t\u00f4i v\u00e0 s\u1ef1 an t\u00e2m c\u1ee7a b\u1ea1n.<\/p>\n\n\n<a href=\"http:\/\/speedqueen.com\/vn\/products\/san-pham-gia-dung\/may-giat-long-dung\/?lang=vi\" class=\"button-arrow\" target=\"\">T\u00ccM HI\u1ec2U NH\u1eeeNG \u0110I\u1ec0U KH\u00c1CH H\u00c0NG N\u00d3I V\u1ec0 M\u00c1Y GI\u1eb6T L\u1ed2NG \u0110\u1ee8NG C\u1ee6A CH\u00daNG T\u00d4I<\/a><\/div>\n\n\n\n<div class=\"wp-block-column is-layout-flow wp-block-column-is-layout-flow\">\n<figure class=\"wp-block-embed-youtube wp-block-embed is-type-video is-provider-youtube wp-embed-aspect-16-9 wp-has-aspect-ratio\"><div class=\"wp-block-embed__wrapper\">\n<iframe loading=\"lazy\" title=\"27 YEARS OF LAUNDRY. ONE SET OF MACHINES.\" width=\"500\" height=\"281\" src=\"https:\/\/www.youtube.com\/embed\/a3nphOheUR0?feature=oembed&#038;modestbranding=1&#038;showinfo=0&#038;rel=0\" frameborder=\"0\" allow=\"accelerometer; autoplay; clipboard-write; encrypted-media; gyroscope; picture-in-picture; web-share\" referrerpolicy=\"strict-origin-when-cross-origin\" allowfullscreen><\/iframe>\n<\/div><\/figure>\n<\/div>\n<\/div>\n","protected":false},"excerpt":{"rendered":"<p>Ch\u1ea5t l\u01b0\u1ee3ng th\u01b0\u01a1ng m\u1ea1i. \u0110\u01b0\u1ee3c ch\u1ea5p thu\u1eadn s\u1eed d\u1ee5ng trong nh\u00e0. B\u1ea1n bi\u1ebft nh\u1eefng chi\u1ebfc m\u00e1y gi\u1eb7t v\u00e0 m\u00e1y s\u1ea5y m\u00e0 b\u1ea1n \u0111\u00e3 nh\u00ecn th\u1ea5y ho\u1eb7c s\u1eed d\u1ee5ng trong c\u00e1c c\u01a1 s\u1edf th\u01b0\u01a1ng m\u1ea1i nh\u01b0 hi\u1ec7u gi\u1eb7t gi\u0169, kh\u00e1ch s\u1ea1n v\u00e0 \u0111\u1ea1i h\u1ecdc ch\u1ee9? C\u00f3 nhi\u1ec1u kh\u1ea3 n\u0103ng ch\u00fang l\u00e0 s\u1ea3n ph\u1ea9m Speed Queen\u00ae. V\u00e0 [&hellip;]<\/p>\n","protected":false},"author":2,"featured_media":0,"parent":3090,"menu_order":0,"comment_status":"closed","ping_status":"closed","template":"","meta":{"_acf_changed":false,"_eb_attr":"","footnotes":"","_links_to":"","_links_to_target":""},"class_list":["post-3094","page","type-page","status-publish","hentry"],"acf":[],"_links":{"self":[{"href":"https:\/\/speedqueen.com\/vn\/wp-json\/wp\/v2\/pages\/3094","targetHints":{"allow":["GET"]}}],"collection":[{"href":"https:\/\/speedqueen.com\/vn\/wp-json\/wp\/v2\/pages"}],"about":[{"href":"https:\/\/speedqueen.com\/vn\/wp-json\/wp\/v2\/types\/page"}],"author":[{"embeddable":true,"href":"https:\/\/speedqueen.com\/vn\/wp-json\/wp\/v2\/users\/2"}],"replies":[{"embeddable":true,"href":"https:\/\/speedqueen.com\/vn\/wp-json\/wp\/v2\/comments?post=3094"}],"version-history":[{"count":8,"href":"https:\/\/speedqueen.com\/vn\/wp-json\/wp\/v2\/pages\/3094\/revisions"}],"predecessor-version":[{"id":3165,"href":"https:\/\/speedqueen.com\/vn\/wp-json\/wp\/v2\/pages\/3094\/revisions\/3165"}],"up":[{"embeddable":true,"href":"https:\/\/speedqueen.com\/vn\/wp-json\/wp\/v2\/pages\/3090"}],"wp:attachment":[{"href":"https:\/\/speedqueen.com\/vn\/wp-json\/wp\/v2\/media?parent=3094"}],"curies":[{"name":"wp","href":"https:\/\/api.w.org\/{rel}","templated":true}]}}