{"id":3096,"date":"2019-01-31T10:29:38","date_gmt":"2019-01-31T18:29:38","guid":{"rendered":"http:\/\/speedqueen.com\/vn\/the-speed-queen-difference\/a-different-class-of-laundry\/"},"modified":"2019-09-10T06:21:24","modified_gmt":"2019-09-10T13:21:24","slug":"cap-do-giat-giu-khac-biet","status":"publish","type":"page","link":"https:\/\/speedqueen.com\/vn\/su-khac-biet-cua-speed-queen\/cap-do-giat-giu-khac-biet\/","title":{"rendered":"Quy tr\u00ecnh ph\u00e1t tri\u1ec3n s\u1ea3n ph\u1ea9m 5 giai \u0111o\u1ea1n"},"content":{"rendered":"\n<div class=\"wp-block-image\"><figure class=\"aligncenter\"><img loading=\"lazy\" decoding=\"async\" width=\"787\" height=\"575\" src=\"https:\/\/speedqueen.com\/au\/wp-content\/uploads\/sites\/21\/2019\/02\/thank-you.png\" alt=\"\" class=\"wp-image-512\" srcset=\"https:\/\/speedqueen.com\/vn\/wp-content\/uploads\/sites\/41\/2019\/02\/thank-you.png 787w, https:\/\/speedqueen.com\/vn\/wp-content\/uploads\/sites\/41\/2019\/02\/thank-you-300x219.png 300w, https:\/\/speedqueen.com\/vn\/wp-content\/uploads\/sites\/41\/2019\/02\/thank-you-768x561.png 768w\" sizes=\"auto, (max-width: 787px) 100vw, 787px\" \/><\/figure><\/div>\n\n\n\n<div class=\"wp-block-columns alignfull has-2-columns is-layout-flex wp-container-core-columns-is-layout-9d6595d7 wp-block-columns-is-layout-flex\">\n<div class=\"wp-block-column is-layout-flow wp-block-column-is-layout-flow\">\n<figure class=\"wp-block-embed-youtube wp-block-embed is-type-video is-provider-youtube wp-embed-aspect-16-9 wp-has-aspect-ratio\"><div class=\"wp-block-embed__wrapper\">\n<iframe loading=\"lazy\" title=\"Speed Queen Home Laundry -  Finite Element Analysis\" width=\"500\" height=\"281\" src=\"https:\/\/www.youtube.com\/embed\/4zUyQOESQPA?feature=oembed&#038;modestbranding=1&#038;showinfo=0&#038;rel=0\" frameborder=\"0\" allow=\"accelerometer; autoplay; clipboard-write; encrypted-media; gyroscope; picture-in-picture; web-share\" referrerpolicy=\"strict-origin-when-cross-origin\" allowfullscreen><\/iframe>\n<\/div><\/figure>\n<\/div>\n\n\n\n<div class=\"wp-block-column is-layout-flow wp-block-column-is-layout-flow\">\n<h2 class=\"wp-block-heading\">Ph\u00e2n t\u00edch y\u1ebfu t\u1ed1 h\u1ea1n ch\u1ebf<\/h2>\n\n\n\n<p>\u0110\u00e2y l\u00e0 m\u1ed9t c\u00e1ch n\u00f3i vui r\u1eb1ng ch\u00fang t\u00f4i m\u01b0\u1edbt m\u1ed3 h\u00f4i v\u00ec nh\u1eefng ti\u1ec3u ti\u1ebft nh\u1ecf nh\u1ea5t th\u1eadm ch\u00ed tr\u01b0\u1edbc khi ch\u00fang t\u00f4i s\u1ea3n xu\u1ea5t khu\u00f4n m\u1eabu. Ch\u01b0\u01a1ng tr\u00ecnh k\u1ef9 thu\u1eadt v\u00e0 t\u1ea1o m\u1eabu k\u1ef9 thu\u1eadt s\u1ed1 hi\u1ec7n \u0111\u1ea1i cho ph\u00e9p ch\u00fang t\u00f4i t\u1ed1i \u01b0u thi\u1ebft k\u1ebf c\u1ee7a t\u1eebng th\u00e0nh ph\u1ea7n \u0111\u1ec3 \u0111\u1ea1t \u0111\u1ebfn m\u1ee9c ch\u1ea5t l\u01b0\u1ee3ng ch\u01b0a t\u1eebng c\u00f3.<\/p>\n<\/div>\n<\/div>\n\n\n\n<div class=\"wp-block-columns has-2-columns is-layout-flex wp-container-core-columns-is-layout-9d6595d7 wp-block-columns-is-layout-flex\">\n<div class=\"wp-block-column is-layout-flow wp-block-column-is-layout-flow\">\n<h2 class=\"wp-block-heading\">Ki\u1ec3m tra th\u00e0nh ph\u1ea7n<\/h2>\n\n\n\n<p>Sau khi s\u1ea3n ph\u1ea9m c\u1ee7a ch\u00fang t\u00f4i \u0111\u00e3 ra khu\u00f4n m\u1eabu, ch\u00fang t\u00f4i ti\u1ebfn h\u00e0nh ki\u1ec3m tra th\u00e0nh ph\u1ea7n v\u00e0 c\u1ee5m l\u1eafp r\u00e1p, y\u00eau c\u1ea7u m\u1ed7i th\u00e0nh ph\u1ea7n th\u1ef1c hi\u1ec7n \u00edt nh\u1ea5t hai l\u1ea7n chu k\u1ef3 s\u1eed d\u1ee5ng d\u1ef1 ki\u1ebfn c\u1ee7a n\u00f3. \u0110i\u1ec1u n\u00e0y ch\u1ee9ng nh\u1eadn \u0111\u1ed9 b\u1ec1n v\u1eefng v\u01b0\u1ee3t tr\u1ed9i, th\u1eadm ch\u00ed trong c\u00e1c m\u00f4i tr\u01b0\u1eddng kh\u1eafc nghi\u1ec7t nh\u1ea5t.<\/p>\n<\/div>\n\n\n\n<div class=\"wp-block-column is-layout-flow wp-block-column-is-layout-flow\">\n<figure class=\"wp-block-embed-youtube wp-block-embed is-type-video is-provider-youtube wp-embed-aspect-16-9 wp-has-aspect-ratio\"><div class=\"wp-block-embed__wrapper\">\n<iframe loading=\"lazy\" title=\"Speed Queen Home Laundry - Component Testing\" width=\"500\" height=\"281\" src=\"https:\/\/www.youtube.com\/embed\/Np-uamB2Zjo?feature=oembed&#038;modestbranding=1&#038;showinfo=0&#038;rel=0\" frameborder=\"0\" allow=\"accelerometer; autoplay; clipboard-write; encrypted-media; gyroscope; picture-in-picture; web-share\" referrerpolicy=\"strict-origin-when-cross-origin\" allowfullscreen><\/iframe>\n<\/div><\/figure>\n<\/div>\n<\/div>\n\n\n\n<div class=\"wp-block-columns alignfull has-2-columns is-layout-flex wp-container-core-columns-is-layout-9d6595d7 wp-block-columns-is-layout-flex\">\n<div class=\"wp-block-column is-layout-flow wp-block-column-is-layout-flow\">\n<figure class=\"wp-block-embed-youtube wp-block-embed is-type-video is-provider-youtube wp-embed-aspect-16-9 wp-has-aspect-ratio\"><div class=\"wp-block-embed__wrapper\">\n<iframe loading=\"lazy\" title=\"Speed Queen Home Laundry - Life &amp; Load Testing\" width=\"500\" height=\"281\" src=\"https:\/\/www.youtube.com\/embed\/4jipbyYLorc?feature=oembed&#038;modestbranding=1&#038;showinfo=0&#038;rel=0\" frameborder=\"0\" allow=\"accelerometer; autoplay; clipboard-write; encrypted-media; gyroscope; picture-in-picture; web-share\" referrerpolicy=\"strict-origin-when-cross-origin\" allowfullscreen><\/iframe>\n<\/div><\/figure>\n<\/div>\n\n\n\n<div class=\"wp-block-column is-layout-flow wp-block-column-is-layout-flow\">\n<h2 class=\"wp-block-heading\">Ki\u1ec3m tra v\u1ec1 th\u1eddi gian s\u1eed d\u1ee5ng &amp; t\u1ea3i tr\u1ecdng<\/h2>\n\n\n\n<p>Ph\u00f2ng th\u00ed nghi\u1ec7m c\u1ee7a ch\u00fang t\u00f4i kh\u00f4ng c\u00f3 \u0111\u1ed1i th\u1ee7 trong ng\u00e0nh. Ch\u00fang t\u00f4i ki\u1ec3m tra \u0111\u1ebfn c\u00e1c m\u1ee9c nghi\u00eam ng\u1eb7t, v\u01b0\u1ee3t qu\u00e1 gi\u1edbi h\u1ea1n, v\u00e0 \u0111\u01b0a c\u00e1c s\u1ea3n ph\u1ea9m m\u00e1y gi\u1eb7t v\u00e0 m\u00e1y s\u1ea5y c\u1ee7a ch\u00fang t\u00f4i \u0111\u1ebfn \u0111i\u1ec3m gi\u1edbi h\u1ea1n, kh\u00f4ng ng\u1eebng t\u00ecm ki\u1ebfm nh\u1eefng ph\u01b0\u01a1ng c\u00e1ch m\u1edbi \u0111\u1ec3 t\u00e1i t\u1ea1o l\u1ea1i c\u00e1c \u0111i\u1ec1u ki\u1ec7n m\u00e0 r\u1ee7i ro h\u01b0 h\u1ecfng c\u00f3 th\u1ec3 x\u1ea3y ra theo th\u1eddi gian. \u0110\u00f3 l\u00e0 l\u00fd do b\u1ea1n c\u00f3 th\u1ec3 ch\u1eafc ch\u1eafn r\u1eb1ng m\u00e1y gi\u1eb7t v\u00e0 m\u00e1y s\u1ea5y c\u1ee7a b\u1ea1n \u0111\u01b0\u1ee3c s\u1ea3n xu\u1ea5t b\u1ec1n v\u1eefng.<\/p>\n<\/div>\n<\/div>\n\n\n\n<div class=\"wp-block-columns has-2-columns is-layout-flex wp-container-core-columns-is-layout-9d6595d7 wp-block-columns-is-layout-flex\">\n<div class=\"wp-block-column is-layout-flow wp-block-column-is-layout-flow\">\n<h2 class=\"wp-block-heading\">Ki\u1ec3m tra th\u1ef1c \u0111\u1ecba<\/h2>\n\n\n\n<p>Sau khi hi\u1ec7u qu\u1ea3 ho\u1ea1t \u0111\u1ed9ng c\u1ee7a s\u1ea3n ph\u1ea9m \u0111\u1ea1t k\u1ef3 ki\u1ec3m tra trong nh\u00e0, thi\u1ebft b\u1ecb c\u1ee7a ch\u00fang t\u00f4i ph\u1ea3i cho th\u1ea5y n\u00f3 ho\u1ea1t \u0111\u1ed9ng \u1edf c\u00e1c ti\u00eau chu\u1ea9n h\u1ea1ng th\u01b0\u01a1ng ph\u1ea9m ngo\u00e0i th\u1ef1c \u0111\u1ecba. Do \u0111\u00f3, tr\u01b0\u1edbc khi s\u1ea3n ph\u1ea9m \u0111i v\u00e0o s\u1ea3n xu\u1ea5t \u0111\u1ea7y \u0111\u1ee7, ch\u00fang t\u00f4i \u0111\u01b0a v\u00e0o s\u1eed d\u1ee5ng to\u00e0n th\u1eddi gian trong nh\u1eefng m\u00f4i tr\u01b0\u1eddng th\u1ef1c t\u1ebf kh\u1eafc nghi\u1ec7t nh\u1ea5t. \u0110\u00f3 l\u00e0 m\u1ed9t b\u01b0\u1edbc n\u1eefa trong vi\u1ec7c \u0111em \u0111\u1ebfn cho kh\u00e1ch h\u00e0ng, v\u00e0 cho b\u1ea3n th\u00e2n ch\u00fang t\u00f4i, s\u1ef1 an t\u00e2m th\u1ef1c s\u1ef1 v\u1ec1 hi\u1ec7u qu\u1ea3 ho\u1ea1t \u0111\u1ed9ng.<\/p>\n<\/div>\n\n\n\n<div class=\"wp-block-column is-layout-flow wp-block-column-is-layout-flow\">\n<figure class=\"wp-block-embed-youtube wp-block-embed is-type-video is-provider-youtube wp-embed-aspect-16-9 wp-has-aspect-ratio\"><div class=\"wp-block-embed__wrapper\">\n<iframe loading=\"lazy\" title=\"Speed Queen Home Laundry - Field Testing\" width=\"500\" height=\"281\" src=\"https:\/\/www.youtube.com\/embed\/7rVjpcrdDEs?feature=oembed&#038;modestbranding=1&#038;showinfo=0&#038;rel=0\" frameborder=\"0\" allow=\"accelerometer; autoplay; clipboard-write; encrypted-media; gyroscope; picture-in-picture; web-share\" referrerpolicy=\"strict-origin-when-cross-origin\" allowfullscreen><\/iframe>\n<\/div><\/figure>\n<\/div>\n<\/div>\n\n\n\n<div class=\"wp-block-columns alignfull has-2-columns is-layout-flex wp-container-core-columns-is-layout-9d6595d7 wp-block-columns-is-layout-flex\">\n<div class=\"wp-block-column is-layout-flow wp-block-column-is-layout-flow\">\n<figure class=\"wp-block-embed-youtube wp-block-embed is-type-video is-provider-youtube wp-embed-aspect-16-9 wp-has-aspect-ratio\"><div class=\"wp-block-embed__wrapper\">\n<iframe loading=\"lazy\" title=\"Speed Queen Home Laundry - World Class Manufacturing\" width=\"500\" height=\"281\" src=\"https:\/\/www.youtube.com\/embed\/lPZkzkZIil8?feature=oembed&#038;modestbranding=1&#038;showinfo=0&#038;rel=0\" frameborder=\"0\" allow=\"accelerometer; autoplay; clipboard-write; encrypted-media; gyroscope; picture-in-picture; web-share\" referrerpolicy=\"strict-origin-when-cross-origin\" allowfullscreen><\/iframe>\n<\/div><\/figure>\n<\/div>\n\n\n\n<div class=\"wp-block-column is-layout-flow wp-block-column-is-layout-flow\">\n<h2 class=\"wp-block-heading\">S\u1ea3n xu\u1ea5t &amp; qu\u1ea3n l\u00fd ch\u1ea5t l\u01b0\u1ee3ng h\u00e0ng \u0111\u1ea7u th\u1ebf gi\u1edbi<\/h2>\n\n\n\n<p>Ch\u00fang t\u00f4i t\u00e1c \u0111\u1ed9ng s\u00e2u r\u1ed9ng tr\u1ea3i nghi\u1ec7m s\u1ea3n xu\u1ea5t thi\u1ebft b\u1ecb gi\u1eb7t \u1ee7i th\u01b0\u01a1ng m\u1ea1i v\u00e0o trong t\u1eebng chi\u1ebfc m\u00e1y. M\u1ed7i chi\u1ebfc m\u00e1y \u0111\u01b0\u1ee3c l\u1eafp r\u00e1p v\u1edbi ni\u1ec1m t\u1ef1 h\u00e0o M\u1ef9, s\u1eed d\u1ee5ng c\u00f4ng ngh\u1ec7 hi\u1ec7n \u0111\u1ea1i \u0111\u1ec3 \u0111\u1ea3m b\u1ea3o s\u1ea3n ph\u1ea9m c\u1ee7a ch\u00fang t\u00f4i \u0111\u01b0\u1ee3c s\u1ea3n xu\u1ea5t \u0111\u1ed3ng b\u1ed9 v\u1edbi \u0111\u1ed9 ch\u00ednh x\u00e1c v\u01b0\u1ee3t tr\u1ed9i \u0111\u1ed1i th\u1ee7 c\u1ee7a m\u00ecnh \u2013 v\u00e0 v\u01b0\u1ee3t ngo\u00e0i mong \u0111\u1ee3i c\u1ee7a b\u1ea1n.<\/p>\n<\/div>\n<\/div>\n","protected":false},"excerpt":{"rendered":"<p>Ph\u00e2n t\u00edch y\u1ebfu t\u1ed1 h\u1ea1n ch\u1ebf \u0110\u00e2y l\u00e0 m\u1ed9t c\u00e1ch n\u00f3i vui r\u1eb1ng ch\u00fang t\u00f4i m\u01b0\u1edbt m\u1ed3 h\u00f4i v\u00ec nh\u1eefng ti\u1ec3u ti\u1ebft nh\u1ecf nh\u1ea5t th\u1eadm ch\u00ed tr\u01b0\u1edbc khi ch\u00fang t\u00f4i s\u1ea3n xu\u1ea5t khu\u00f4n m\u1eabu. Ch\u01b0\u01a1ng tr\u00ecnh k\u1ef9 thu\u1eadt v\u00e0 t\u1ea1o m\u1eabu k\u1ef9 thu\u1eadt s\u1ed1 hi\u1ec7n \u0111\u1ea1i cho ph\u00e9p ch\u00fang t\u00f4i t\u1ed1i \u01b0u thi\u1ebft k\u1ebf c\u1ee7a [&hellip;]<\/p>\n","protected":false},"author":2,"featured_media":0,"parent":3090,"menu_order":0,"comment_status":"closed","ping_status":"closed","template":"","meta":{"_acf_changed":false,"_eb_attr":"","footnotes":"","_links_to":"","_links_to_target":""},"class_list":["post-3096","page","type-page","status-publish","hentry"],"acf":[],"_links":{"self":[{"href":"https:\/\/speedqueen.com\/vn\/wp-json\/wp\/v2\/pages\/3096","targetHints":{"allow":["GET"]}}],"collection":[{"href":"https:\/\/speedqueen.com\/vn\/wp-json\/wp\/v2\/pages"}],"about":[{"href":"https:\/\/speedqueen.com\/vn\/wp-json\/wp\/v2\/types\/page"}],"author":[{"embeddable":true,"href":"https:\/\/speedqueen.com\/vn\/wp-json\/wp\/v2\/users\/2"}],"replies":[{"embeddable":true,"href":"https:\/\/speedqueen.com\/vn\/wp-json\/wp\/v2\/comments?post=3096"}],"version-history":[{"count":2,"href":"https:\/\/speedqueen.com\/vn\/wp-json\/wp\/v2\/pages\/3096\/revisions"}],"predecessor-version":[{"id":3128,"href":"https:\/\/speedqueen.com\/vn\/wp-json\/wp\/v2\/pages\/3096\/revisions\/3128"}],"up":[{"embeddable":true,"href":"https:\/\/speedqueen.com\/vn\/wp-json\/wp\/v2\/pages\/3090"}],"wp:attachment":[{"href":"https:\/\/speedqueen.com\/vn\/wp-json\/wp\/v2\/media?parent=3096"}],"curies":[{"name":"wp","href":"https:\/\/api.w.org\/{rel}","templated":true}]}}