{"id":3098,"date":"2019-01-31T10:37:08","date_gmt":"2019-01-31T18:37:08","guid":{"rendered":"http:\/\/speedqueen.com\/vn\/the-speed-queen-difference\/the-speed-queen-story\/"},"modified":"2019-09-08T23:41:40","modified_gmt":"2019-09-09T06:41:40","slug":"cau-chuyen-speed-queen","status":"publish","type":"page","link":"https:\/\/speedqueen.com\/vn\/su-khac-biet-cua-speed-queen\/cau-chuyen-speed-queen\/","title":{"rendered":"C\u00e2u chuy\u1ec7n Speed Queen"},"content":{"rendered":"\n<div class=\"wp-block-columns has-2-columns is-layout-flex wp-container-core-columns-is-layout-9d6595d7 wp-block-columns-is-layout-flex\">\n<div class=\"wp-block-column is-layout-flow wp-block-column-is-layout-flow\">\n<figure class=\"wp-block-image\"><img loading=\"lazy\" decoding=\"async\" width=\"535\" height=\"481\" src=\"https:\/\/speedqueen.com\/au\/wp-content\/uploads\/sites\/21\/2019\/02\/001.png\" alt=\"\" class=\"wp-image-542\" srcset=\"https:\/\/speedqueen.com\/vn\/wp-content\/uploads\/sites\/41\/2019\/02\/001.png 535w, https:\/\/speedqueen.com\/vn\/wp-content\/uploads\/sites\/41\/2019\/02\/001-300x270.png 300w\" sizes=\"auto, (max-width: 535px) 100vw, 535px\" \/><\/figure>\n<\/div>\n\n\n\n<div class=\"wp-block-column is-layout-flow wp-block-column-is-layout-flow\">\n<p><strong>S\u1ef1 kh\u1edfi \u0111\u1ea7u<\/strong><br> Quay ng\u01b0\u1ee3c l\u1ea1i n\u0103m 1908, Joe Barlow v\u00e0 John Seelig, hai ch\u1ee7 c\u1eeda h\u00e0ng kim kh\u00ed \u0111i\u1ec7n m\u00e1y c\u1ea7n c\u00f9 t\u1ea1i Ripon, WI, \u0111\u00e3 mua m\u1ed9t v\u00e0i chi\u1ebfc m\u00e1y gi\u1eb7t v\u1eadn h\u00e0nh b\u1eb1ng tay t\u1eeb m\u1ed9t c\u00f4ng ty \u1edf Th\u00e0nh ph\u1ed1 Kansas, MO. Sau khi th\u1eed nghi\u1ec7m v\u1edbi nh\u1eefng chi\u1ebfc m\u00e1y gi\u1eb7t n\u00e0y, c\u00e1c nh\u00e0 ph\u00e1t minh ngh\u0129 ra m\u1ed9t c\u00e1ch gi\u00fap n\u00e2ng cao hi\u1ec7u qu\u1ea3 c\u1ee7a m\u00e1y v\u1edbi h\u1ec7 th\u1ed1ng b\u00e1nh r\u0103ng t\u1ed1c \u0111\u1ed9 cao. C\u00e1c \u0111\u1ed1i t\u00e1c mua quy\u1ec1n s\u1ea3n xu\u1ea5t t\u1eeb c\u00f4ng ty \u1edf Th\u00e0nh ph\u1ed1 Kansas v\u00e0 h\u00e3ng s\u1ea3n xu\u1ea5t Barlow &amp; Seelig ra \u0111\u1eddi. C\u00f4ng ty s\u1ea3n xu\u1ea5t m\u1ed9t s\u1ed1 l\u01b0\u1ee3ng m\u00e1y gi\u1eb7t gi\u1edbi h\u1ea1n c\u00f3 t\u00ean l\u00e0 \u201cWhite Cloud\u201d (\u0110\u00e1m m\u00e2y tr\u1eafng) cho \u0111\u1ebfn n\u0103m 1928, khi \u0111\u00f3 th\u01b0\u01a1ng hi\u1ec7u tr\u1edf th\u00e0nh Speed Queen\u00ae. V\u00e0 huy\u1ec1n tho\u1ea1i ra \u0111\u1eddi.<\/p>\n\n\n\n<p>Joe Barlow v\u00e0 John Seelig nhanh ch\u00f3ng c\u1ee7ng c\u1ed1 thanh danh c\u1ee7a Speed Queen v\u1edbi t\u01b0 c\u00e1ch l\u00e0 nh\u00e0 c\u1ea3i c\u00e1ch. V\u00e0o n\u0103m 1911, d\u00f2ng m\u00e1y gi\u1eb7t \u0111\u1ea7u ti\u00ean ch\u1ea1y b\u1eb1ng \u0111\u1ed9ng c\u01a1 \u0111i\u1ec7n c\u1ee7a c\u00f4ng ty \u0111\u01b0\u1ee3c x\u00e2y d\u1ef1ng. V\u00e0o n\u0103m 1915, h\u1ecd gi\u1edbi thi\u1ec7u chi\u1ebfc m\u00e1y v\u1eaft d\u1ea1ng l\u1eafc \u0111\u1ea7u ti\u00ean v\u1eadn h\u00e0nh theo b\u1ea5t k\u1ef3 h\u01b0\u1edbng n\u00e0o. V\u00e0o n\u0103m 1922, b\u1eaft \u0111\u1ea7u s\u1ea3n xu\u1ea5t m\u00e1y gi\u1eb7t c\u00f3 l\u1ed3ng gi\u1eb7t b\u1eb1ng \u0111\u1ed3ng m\u1ea1 k\u1ec1n, l\u00e0 s\u1ea3n ph\u1ea9m \u0111\u1ea7u ti\u00ean trong ng\u00e0nh. V\u00e0 v\u00e0o n\u0103m 1939, Speed Queen thay l\u1ed3ng gi\u1eb7t b\u1eb1ng \u0111\u1ed3ng m\u1ea1 k\u1ec1n v\u1edbi th\u00e9p kh\u00f4ng g\u1ec9 v\u00e0 v\u1eabn \u0111\u01b0\u1ee3c s\u1eed d\u1ee5ng trong c\u00e1c lo\u1ea1i m\u00e1y gi\u1eb7t ng\u00e0y nay.<\/p>\n\n\n\n<p><strong>Th\u1eddi k\u1ef3 chi\u1ebfn tranh<\/strong><br> Ch\u00fang t\u00f4i t\u1ef1 h\u00e0o khi nh\u1eadn bi\u1ebft \u0111\u01b0\u1ee3c nhu c\u1ea7u c\u1ee7a kh\u00e1ch h\u00e0ng v\u00e0 l\u00e0m nh\u1eefng g\u00ec c\u1ea7n thi\u1ebft \u0111\u1ec3 ho\u00e0n th\u00e0nh \u0111i\u1ec1u \u0111\u00f3. Quan ni\u1ec7m \u0111\u00f3 d\u1eabn \u0111\u1ebfn s\u1ef1 chuy\u1ec3n bi\u1ebfn h\u01a1i kh\u00e1c bi\u1ec7t v\u00e0o \u0111\u1ea7u nh\u1eefng n\u0103m 1940. C\u0169ng nh\u01b0 nhi\u1ec1u nh\u00e0 s\u1ea3n xu\u1ea5t trong Th\u1ebf chi\u1ebfn th\u1ee9 II (1942-1945), Speed Queen t\u1ea1m ng\u01b0ng s\u1ea3n xu\u1ea5t thi\u1ebft b\u1ecb gi\u1eb7t gi\u0169 \u0111\u1ec3 s\u1ea3n xu\u1ea5t \u0111\u1ea7u \u0111\u1ea1n 20mm c\u0169ng nh\u01b0 c\u00e1c th\u00e0nh ph\u1ea7n cho m\u00e1y bay, xe t\u0103ng v\u00e0 s\u00fang. Ho\u1ea1t \u0111\u1ed9ng su\u1ed1t 24 gi\u1edd m\u1ed9t ng\u00e0y \u0111\u1ec3 h\u1ed7 tr\u1ee3 chi\u1ebfn tranh, c\u00f4ng ty nh\u1eadn \u0111\u01b0\u1ee3c nhi\u1ec1u gi\u1ea3i th\u01b0\u1edfng c\u1ed1ng hi\u1ebfn.<\/p>\n\n\n\n<p><strong>Th\u1eddi k\u1ef3 hi\u1ec7n t\u1ea1i<\/strong><br> \u0110\u00f3 l\u00e0 m\u1ed9t h\u00e0nh tr\u00ecnh th\u00fa v\u1ecb k\u1ec3 t\u1eeb nh\u1eefng ng\u00e0y kh\u1edfi \u0111\u1ea7u khi\u00eam t\u1ed1n v\u00e0o n\u0103m 1908 v\u1edbi t\u01b0 c\u00e1ch l\u00e0 Nh\u00e0 s\u1ea3n xu\u1ea5t Barlow v\u00e0 Seelig. V\u00e0 h\u00f4m nay, v\u00e0o n\u0103m 1908, ch\u00fang t\u00f4i kh\u00f4ng ng\u1eebng c\u1ed1 g\u1eafng s\u1ea3n xu\u1ea5t c\u00e1c s\u1ea3n ph\u1ea9m m\u00e1y gi\u1eb7t v\u00e0 m\u00e1y s\u1ea5y t\u1ed1t nh\u1ea5t c\u00f3 \u0111\u1ea7y \u0111\u1ee7 c\u00e1c d\u1ecbch v\u1ee5 v\u00e0 s\u1ef1 h\u1ed7 tr\u1ee3 t\u1eadn t\u00e2m nh\u1ea5t trong ng\u00e0nh. Trong n\u0103m n\u0103m qua, ch\u00fang t\u00f4i \u0111\u00e3 m\u1edf th\u00eam m\u1ed9t v\u0103n ph\u00f2ng m\u1edbi, Trung t\u00e2m ph\u00e2n ph\u1ed1i to\u00e0n c\u1ea7u v\u1edbi di\u1ec7n t\u00edch g\u1ea7n 200.000 ph\u00fat vu\u00f4ng, v\u00e0 ch\u00fang t\u00f4i ti\u1ebfp t\u1ee5c m\u1edf r\u1ed9ng c\u01a1 s\u1edf s\u1ea3n xu\u1ea5t c\u1ee7a m\u00ecnh l\u00ean h\u00e0ng ng\u00e0n ph\u00fat vu\u00f4ng \u0111\u1ec3 b\u1ed5 sung th\u00eam nhi\u1ec1u n\u0103ng l\u1ef1c hi\u1ec7n \u0111\u1ea1i h\u01a1n. V\u00e0 ch\u00fang t\u00f4i v\u1eabn ch\u01b0a d\u1eebng \u1edf \u0111\u00f3. Ch\u00fang t\u00f4i ti\u1ebfp t\u1ee5c \u0111\u1ea9y m\u1ea1nh ranh gi\u1edbi hi\u1ec7u su\u1ea5t gi\u1eb7t \u1ee7i v\u1edbi c\u00e1c c\u1ea3i ti\u1ebfn mang t\u00ednh \u0111\u1ed9t ph\u00e1, \u0111\u01b0a s\u1ea3n ph\u1ea9m m\u00e1y gi\u1eb7t l\u1ed3ng \u0111\u1ee9ng h\u1ea1ng th\u01b0\u01a1ng ph\u1ea9m truy\u1ec1n th\u1ed1ng l\u00ean m\u1ed9t t\u1ea7m cao m\u1edbi.<\/p>\n\n\n\n<p>L\u00e0 m\u1ed9t c\u00f4ng ty ng\u00e0y c\u00e0ng ph\u00e1t tri\u1ec3n v\u1edbi h\u01a1n 100 n\u0103m ch\u1ea5t l\u01b0\u1ee3ng th\u01b0\u01a1ng m\u1ea1i v\u00e0 chuy\u00ean m\u00f4n, ch\u00fang t\u00f4i \u0111\u00e3 v\u00e0 s\u1ebd lu\u00f4n lu\u00f4n \u0111em \u0111\u1ebfn cho b\u1ea1n m\u1ed9t d\u00f2ng s\u1ea3n ph\u1ea9m m\u00e1y gi\u1eb7t v\u00e0 m\u00e1y s\u1ea5y t\u1ed1t h\u01a1n, l\u00e2u b\u1ec1n h\u01a1n.<\/p>\n<\/div>\n<\/div>\n","protected":false},"excerpt":{"rendered":"<p>S\u1ef1 kh\u1edfi \u0111\u1ea7u Quay ng\u01b0\u1ee3c l\u1ea1i n\u0103m 1908, Joe Barlow v\u00e0 John Seelig, hai ch\u1ee7 c\u1eeda h\u00e0ng kim kh\u00ed \u0111i\u1ec7n m\u00e1y c\u1ea7n c\u00f9 t\u1ea1i Ripon, WI, \u0111\u00e3 mua m\u1ed9t v\u00e0i chi\u1ebfc m\u00e1y gi\u1eb7t v\u1eadn h\u00e0nh b\u1eb1ng tay t\u1eeb m\u1ed9t c\u00f4ng ty \u1edf Th\u00e0nh ph\u1ed1 Kansas, MO. Sau khi th\u1eed nghi\u1ec7m v\u1edbi nh\u1eefng chi\u1ebfc m\u00e1y gi\u1eb7t [&hellip;]<\/p>\n","protected":false},"author":2,"featured_media":0,"parent":3090,"menu_order":0,"comment_status":"closed","ping_status":"closed","template":"","meta":{"_acf_changed":false,"_eb_attr":"","footnotes":"","_links_to":"","_links_to_target":""},"class_list":["post-3098","page","type-page","status-publish","hentry"],"acf":[],"_links":{"self":[{"href":"https:\/\/speedqueen.com\/vn\/wp-json\/wp\/v2\/pages\/3098","targetHints":{"allow":["GET"]}}],"collection":[{"href":"https:\/\/speedqueen.com\/vn\/wp-json\/wp\/v2\/pages"}],"about":[{"href":"https:\/\/speedqueen.com\/vn\/wp-json\/wp\/v2\/types\/page"}],"author":[{"embeddable":true,"href":"https:\/\/speedqueen.com\/vn\/wp-json\/wp\/v2\/users\/2"}],"replies":[{"embeddable":true,"href":"https:\/\/speedqueen.com\/vn\/wp-json\/wp\/v2\/comments?post=3098"}],"version-history":[{"count":2,"href":"https:\/\/speedqueen.com\/vn\/wp-json\/wp\/v2\/pages\/3098\/revisions"}],"predecessor-version":[{"id":3131,"href":"https:\/\/speedqueen.com\/vn\/wp-json\/wp\/v2\/pages\/3098\/revisions\/3131"}],"up":[{"embeddable":true,"href":"https:\/\/speedqueen.com\/vn\/wp-json\/wp\/v2\/pages\/3090"}],"wp:attachment":[{"href":"https:\/\/speedqueen.com\/vn\/wp-json\/wp\/v2\/media?parent=3098"}],"curies":[{"name":"wp","href":"https:\/\/api.w.org\/{rel}","templated":true}]}}