{"id":3099,"date":"2019-01-31T11:00:40","date_gmt":"2019-01-31T19:00:40","guid":{"rendered":"http:\/\/speedqueen.com\/vn\/the-speed-queen-difference\/washability\/"},"modified":"2019-09-08T23:27:10","modified_gmt":"2019-09-09T06:27:10","slug":"kha-nang-giat-sach","status":"publish","type":"page","link":"https:\/\/speedqueen.com\/vn\/su-khac-biet-cua-speed-queen\/kha-nang-giat-sach\/","title":{"rendered":"Kh\u1ea3 n\u0103ng gi\u1eb7t s\u1ea1ch"},"content":{"rendered":"\n<div class=\"wp-block-columns has-2-columns is-layout-flex wp-container-core-columns-is-layout-9d6595d7 wp-block-columns-is-layout-flex\">\n<div class=\"wp-block-column is-layout-flow wp-block-column-is-layout-flow\">\n<figure class=\"wp-block-image\"><img loading=\"lazy\" decoding=\"async\" width=\"535\" height=\"481\" src=\"https:\/\/speedqueen.com\/au\/wp-content\/uploads\/sites\/21\/2019\/02\/001.png\" alt=\"\" class=\"wp-image-542\" srcset=\"https:\/\/speedqueen.com\/vn\/wp-content\/uploads\/sites\/41\/2019\/02\/001.png 535w, https:\/\/speedqueen.com\/vn\/wp-content\/uploads\/sites\/41\/2019\/02\/001-300x270.png 300w\" sizes=\"auto, (max-width: 535px) 100vw, 535px\" \/><\/figure>\n<\/div>\n\n\n\n<div class=\"wp-block-column is-layout-flow wp-block-column-is-layout-flow\">\n<p>B\u1ea1n c\u1ea7n m\u1ed9t m\u00e1y gi\u1eb7t v\u00e0 m\u00e1y s\u1ea5y c\u00f3 kh\u1ea3 n\u0103ng gi\u1eb7t s\u1ea1ch v\u00e0 kh\u00f4ng l\u00e0m h\u01b0 h\u1ecfng \u00e1o qu\u1ea7n c\u1ee7a b\u1ea1n. \u0110i\u1ec1u n\u00e0y kh\u00f4ng ph\u1ea3i l\u00e0 m\u1ed9t y\u00eau c\u1ea7u qu\u00e1 m\u1ee9c. \u0110\u00f3 l\u00e0 \u0111i\u1ec1u ch\u00ednh y\u1ebfu, v\u00e0 nh\u1eefng g\u00ec m\u00e0 b\u1ea1n b\u1ecf ra m\u1ed9t kho\u1ea3n ti\u1ec1n v\u1ea5t v\u1ea3 ki\u1ebfm \u0111\u01b0\u1ee3c \u0111\u1ec3 h\u1ecd l\u00e0m \u0111i\u1ec1u n\u00e0y. \u0110\u00f3 l\u00e0 l\u00fd do t\u1ea1i sao Speed Queen\u00ae cam k\u1ebft kh\u00f4ng ng\u1eebng n\u1ed7 l\u1ef1c v\u00ec kh\u1ea3 n\u0103ng gi\u1eb7t s\u1ea1ch nh\u1ea5t c\u00f3 th\u1ec3.<\/p>\n\n\n\n<p><strong>S\u1ea1ch nh\u1ea5t c\u00f3 th\u1ec3<\/strong><br> B\u1ed9 tr\u1ed9n ki\u1ec3u chong ch\u00f3ng \u0111\u1ea7y \u0111\u1ee7 quay theo nhi\u1ec1u v\u00f2ng ng\u1eafn v\u00e0 d\u00e0i v\u1edbi chi\u1ebfc th\u00f9ng gi\u1eb7t \u0111\u1ec3 t\u1ea1o n\u00ean chu k\u1ef3 gi\u1eb7t k\u1ef9 c\u00e0ng v\u00e0 nh\u1eb9 nh\u00e0ng. Chi\u1ebfc m\u00e1y n\u00e0y c\u00f3 \u0111\u1ed9ng c\u01a1 1 m\u00e3 l\u1ef1c v\u00e0 h\u1ec7 th\u1ed1ng d\u1eabn \u0111\u1ed9ng bi\u1ebfn t\u1ea7n l\u00e0m di chuy\u1ec3n d\u00f2ng n\u01b0\u1edbc qua \u00e1o qu\u1ea7n c\u00f3 hi\u1ec7u qu\u1ea3 v\u00e0 t\u00e1c d\u1ee5ng. C\u0169ng nh\u01b0 chi\u1ebfc m\u00e1y gi\u1eb7t\/m\u00e1y s\u1ea5y x\u1ebfp ch\u1ed3ng c\u1ee7a ch\u00fang t\u00f4i, n\u00f3 ho\u1ea1t \u0111\u1ed9ng \u00eam \u0111\u1ebfn m\u1ee9c khi b\u1ea1n \u0111\u1ee9ng k\u1ebf b\u00ean, b\u1ea1n s\u1ebd ch\u1ec9 bi\u1ebft \u0111\u01b0\u1ee3c r\u1eb1ng n\u00f3 \u0111ang ch\u1ea1y khi b\u1ea1n nghe th\u1ea5y ti\u1ebfng s\u1ed9t so\u1ea1t c\u1ee7a n\u01b0\u1edbc di chuy\u1ec3n t\u1edbi lui.<\/p>\n\n\n<a href=\"#\" class=\"button-arrow button-video\" target=\"\" data-modal=\"modal-video\">XEM C\u00c1CH THI\u1ebeT K\u1ebe M\u00c1Y GI\u1eb6T L\u1ed2NG \u0110\u1ee8NG SPEED QUEEN \u0110\u1ec2 \u0110EM \u0110\u1ebeN K\u1ebeT QU\u1ea2 GI\u1eb6T S\u1ea0CH T\u1ed0T H\u01a0N<\/a><div class=\"modal-video\" data-modal=\"video\">\n\t\t<div class=\"overlay\"><\/div>\n\t\t<div class=\"content-modal\">\n\t\t\t<span class=\"close-modal\"><\/span>\n\t\t\t<iframe loading=\"lazy\" title=\"Running Your Business Has Never Been Easier\" width=\"640\" height=\"360\" src=\"https:\/\/www.youtube.com\/embed\/Tgtszju5_NM?feature=oembed&#038;modestbranding=1&#038;showinfo=0&#038;rel=0\" frameborder=\"0\" allow=\"accelerometer; autoplay; clipboard-write; encrypted-media; gyroscope; picture-in-picture; web-share\" referrerpolicy=\"strict-origin-when-cross-origin\" allowfullscreen><\/iframe>\t\t<\/div>\n\t<\/div>\n\n\n\n<p><strong>Chuy\u00ean gia gi\u1eb7t s\u1ea1ch<\/strong><br> Kh\u00e1ch h\u00e0ng gi\u1eb7t th\u01b0\u01a1ng m\u1ea1i c\u1ee7a ch\u00fang t\u00f4i tin t\u01b0\u1edfng v\u00e0o ch\u1ea5t l\u01b0\u1ee3ng gi\u1eb7t s\u1ea1ch \u0111\u1ec3 ph\u00e1t tri\u1ec3n c\u00f4ng vi\u1ec7c kinh doanh c\u1ee7a m\u00ecnh. \u0110\u00f3 l\u00e0 l\u00fd do t\u1ea1i sao h\u1ecd tr\u00f4ng c\u1eady v\u00e0o thi\u1ebft b\u1ecb gi\u1eb7t gi\u0169 c\u1ee7a ch\u00fang t\u00f4i kh\u00f4ng m\u1ed9t s\u1ef1 th\u1ecfa hi\u1ec7p n\u00e0o trong l\u0129nh v\u1ef1c \u0111\u00f3. V\u00e0 \u0111\u00f3 c\u0169ng l\u00e0 l\u00fd do ch\u00fang t\u00f4i ph\u00e1t tri\u1ec3n c\u00e1c s\u1ea3n ph\u1ea9m \u0111\u1ed5i m\u1edbi mang t\u00ednh \u0111\u1ed9t ph\u00e1 \u0111\u1ec3 t\u1ed1i \u01b0u kh\u1ea3 n\u0103ng gi\u1eb7t s\u1ea1ch, v\u1edbi s\u1ea3n ph\u1ea9m m\u00e1y gi\u1eb7t l\u1ed3ng \u0111\u1ee9ng Speed Queen \u0111\u01b0\u1ee3c thay \u0111\u1ed5i ho\u00e0n to\u00e0n l\u00e0m b\u1eb1ng ch\u1ee9ng.<\/p>\n<\/div>\n<\/div>\n","protected":false},"excerpt":{"rendered":"<p>B\u1ea1n c\u1ea7n m\u1ed9t m\u00e1y gi\u1eb7t v\u00e0 m\u00e1y s\u1ea5y c\u00f3 kh\u1ea3 n\u0103ng gi\u1eb7t s\u1ea1ch v\u00e0 kh\u00f4ng l\u00e0m h\u01b0 h\u1ecfng \u00e1o qu\u1ea7n c\u1ee7a b\u1ea1n. \u0110i\u1ec1u n\u00e0y kh\u00f4ng ph\u1ea3i l\u00e0 m\u1ed9t y\u00eau c\u1ea7u qu\u00e1 m\u1ee9c. \u0110\u00f3 l\u00e0 \u0111i\u1ec1u ch\u00ednh y\u1ebfu, v\u00e0 nh\u1eefng g\u00ec m\u00e0 b\u1ea1n b\u1ecf ra m\u1ed9t kho\u1ea3n ti\u1ec1n v\u1ea5t v\u1ea3 ki\u1ebfm \u0111\u01b0\u1ee3c \u0111\u1ec3 h\u1ecd l\u00e0m \u0111i\u1ec1u [&hellip;]<\/p>\n","protected":false},"author":2,"featured_media":0,"parent":3090,"menu_order":0,"comment_status":"closed","ping_status":"closed","template":"","meta":{"_acf_changed":false,"_eb_attr":"","footnotes":"","_links_to":"","_links_to_target":""},"class_list":["post-3099","page","type-page","status-publish","hentry"],"acf":[],"_links":{"self":[{"href":"https:\/\/speedqueen.com\/vn\/wp-json\/wp\/v2\/pages\/3099","targetHints":{"allow":["GET"]}}],"collection":[{"href":"https:\/\/speedqueen.com\/vn\/wp-json\/wp\/v2\/pages"}],"about":[{"href":"https:\/\/speedqueen.com\/vn\/wp-json\/wp\/v2\/types\/page"}],"author":[{"embeddable":true,"href":"https:\/\/speedqueen.com\/vn\/wp-json\/wp\/v2\/users\/2"}],"replies":[{"embeddable":true,"href":"https:\/\/speedqueen.com\/vn\/wp-json\/wp\/v2\/comments?post=3099"}],"version-history":[{"count":5,"href":"https:\/\/speedqueen.com\/vn\/wp-json\/wp\/v2\/pages\/3099\/revisions"}],"predecessor-version":[{"id":3126,"href":"https:\/\/speedqueen.com\/vn\/wp-json\/wp\/v2\/pages\/3099\/revisions\/3126"}],"up":[{"embeddable":true,"href":"https:\/\/speedqueen.com\/vn\/wp-json\/wp\/v2\/pages\/3090"}],"wp:attachment":[{"href":"https:\/\/speedqueen.com\/vn\/wp-json\/wp\/v2\/media?parent=3099"}],"curies":[{"name":"wp","href":"https:\/\/api.w.org\/{rel}","templated":true}]}}