{"id":3100,"date":"2019-01-31T09:19:16","date_gmt":"2019-01-31T17:19:16","guid":{"rendered":"http:\/\/speedqueen.com\/vn\/where-to-buy\/"},"modified":"2020-06-01T01:34:58","modified_gmt":"2020-06-01T08:34:58","slug":"nguoi-ban","status":"publish","type":"page","link":"https:\/\/speedqueen.com\/vn\/nguoi-ban\/","title":{"rendered":"Ng\u01b0\u1eddi b\u00e1n"},"content":{"rendered":"\n<h2 class=\"wp-block-heading\">Ng\u01b0\u1eddi b\u00e1n<\/h2>\n\n\n\n<div class=\"wp-block-columns has-2-columns is-layout-flex wp-container-core-columns-is-layout-9d6595d7 wp-block-columns-is-layout-flex\">\n<div class=\"wp-block-column is-layout-flow wp-block-column-is-layout-flow\">\n<h3 class=\"tel-link wp-block-heading\">C\u00f4ng ty TNHH Thi\u1ebft b\u1ecb Gi\u1eb7t l\u00e0 H\u00f2a Ph\u00e1t<\/h3>\n\n\n\n<p><strong>\u0110\u1ecba ch\u1ec9:<\/strong><\/p>\n\n\n\n<p><strong>VP H\u00e0 N\u1ed9i<\/strong><\/p>\n\n\n\n<p>S\u1ed1.16, BT10, Foresa Villa, K\u0110T m\u1edbi Tasco Xuan Phuong,<\/p>\n\n\n\n<p>Nam T\u1eeb Li\u00eam, H\u00e0 N\u1ed9i, 100000<\/p>\n\n\n\n<p><strong>VP H\u1ed3 Ch\u00ed Minh<\/strong><\/p>\n\n\n\n<p>L\u1ea7u 3, Cao \u1ed1c H\u1eefu H\u1ed3ng, 157-159 \u0111\u01b0\u1eddng Xu\u00e2n H\u1ed3ng, ph\u01b0\u1eddng 12,<\/p>\n\n\n\n<p>qu\u1eadn T\u00e2n B\u00ecnh, Tp. HCM, 700000<\/p>\n\n\n\n<p><strong>\u0110i\u1ec7n tho\u1ea1i<\/strong>: <a href=\"tel:84-983-115-567\">(84) 983115566<\/a><\/p>\n\n\n\n<p><b>Website:<\/b> <a title=\"Maygiathoaphat\" class=\"tel-link\" rel=\"noopener noreferrer\" href=\"https:\/\/maygiathoaphat.vn\/\" target=\"blank\">https:\/\/maygiathoaphat.vn\/<\/a><\/p>\n\n\n\n<p><\/p>\n\n\n\n<p><\/p>\n<\/div>\n\n\n\n<div class=\"wp-block-column is-layout-flow wp-block-column-is-layout-flow\"><\/div>\n<\/div>\n","protected":false},"excerpt":{"rendered":"<p>Ng\u01b0\u1eddi b\u00e1n C\u00f4ng ty TNHH Thi\u1ebft b\u1ecb Gi\u1eb7t l\u00e0 H\u00f2a Ph\u00e1t \u0110\u1ecba ch\u1ec9: VP H\u00e0 N\u1ed9i S\u1ed1.16, BT10, Foresa Villa, K\u0110T m\u1edbi Tasco Xuan Phuong, Nam T\u1eeb Li\u00eam, H\u00e0 N\u1ed9i, 100000 VP H\u1ed3 Ch\u00ed Minh L\u1ea7u 3, Cao \u1ed1c H\u1eefu H\u1ed3ng, 157-159 \u0111\u01b0\u1eddng Xu\u00e2n H\u1ed3ng, ph\u01b0\u1eddng 12, qu\u1eadn T\u00e2n B\u00ecnh, Tp. HCM, 700000 \u0110i\u1ec7n tho\u1ea1i: [&hellip;]<\/p>\n","protected":false},"author":2,"featured_media":0,"parent":0,"menu_order":0,"comment_status":"closed","ping_status":"closed","template":"","meta":{"_acf_changed":false,"_eb_attr":"","footnotes":"","_links_to":"","_links_to_target":""},"class_list":["post-3100","page","type-page","status-publish","hentry"],"acf":[],"_links":{"self":[{"href":"https:\/\/speedqueen.com\/vn\/wp-json\/wp\/v2\/pages\/3100","targetHints":{"allow":["GET"]}}],"collection":[{"href":"https:\/\/speedqueen.com\/vn\/wp-json\/wp\/v2\/pages"}],"about":[{"href":"https:\/\/speedqueen.com\/vn\/wp-json\/wp\/v2\/types\/page"}],"author":[{"embeddable":true,"href":"https:\/\/speedqueen.com\/vn\/wp-json\/wp\/v2\/users\/2"}],"replies":[{"embeddable":true,"href":"https:\/\/speedqueen.com\/vn\/wp-json\/wp\/v2\/comments?post=3100"}],"version-history":[{"count":8,"href":"https:\/\/speedqueen.com\/vn\/wp-json\/wp\/v2\/pages\/3100\/revisions"}],"predecessor-version":[{"id":3762,"href":"https:\/\/speedqueen.com\/vn\/wp-json\/wp\/v2\/pages\/3100\/revisions\/3762"}],"wp:attachment":[{"href":"https:\/\/speedqueen.com\/vn\/wp-json\/wp\/v2\/media?parent=3100"}],"curies":[{"name":"wp","href":"https:\/\/api.w.org\/{rel}","templated":true}]}}